{"id":11934,"date":"2017-07-19T16:28:23","date_gmt":"2017-07-19T16:28:23","guid":{"rendered":"http:\/\/knowhaus.es\/gemma-gallego-i-masmitja\/"},"modified":"2017-12-19T11:40:50","modified_gmt":"2017-12-19T11:40:50","slug":"gemma-gallego-i-masmitja","status":"publish","type":"page","link":"https:\/\/knowhaus.es\/ca\/gemma-gallego-i-masmitja\/","title":{"rendered":"Gemma Gallego i Masmitj\u00e0"},"content":{"rendered":"<p>[vc_row][vc_column css_animation=&#8221;fadeInLeft&#8221; width=&#8221;1\/3&#8243;][vc_single_image image=&#8221;11540&#8243; img_size=&#8221;large&#8221; css_animation=&#8221;fadeInLeft&#8221;][\/vc_column][vc_column css_animation=&#8221;fadeInRight&#8221; width=&#8221;2\/3&#8243;][vc_column_text]<\/p>\n<h3>\u201cUn Interiorista no \u00e9s nom\u00e9s un decorador. \u00c9s un int\u00e8rpret dels teus somnis.\u201d<\/h3>\n<p>[\/vc_column_text][vc_empty_space height=&#8221;20&#8243;][vc_column_text]Gemma Gallego i Masmitj\u00e0 \u00e9s especialista en la creaci\u00f3, disseny, decoraci\u00f3 i gesti\u00f3 d&#8217;interiors. Despr\u00e9s d&#8217;una etapa de <strong>col\u00b7laboraci\u00f3 amb el prestigi\u00f3s arquitecte Santiago Parram\u00f3n<\/strong> en la creaci\u00f3 d&#8217;habitatges unifamiliars de disseny, alguns seleccionats amb <strong>premis internacionals<\/strong> com International Competition Landmark Buildings de Nova York (2009).[\/vc_column_text][vc_empty_space height=&#8221;20&#8243;][vc_column_text]<\/p>\n<h4>El 2010 crea Knowhaus.<\/h4>\n<p>[\/vc_column_text][vc_column_text]El 2010 s&#8217;associa amb el Dani Blanch i formen un equip d&#8217;arquitectes, interioristes i col\u00b7laboradors per crear Knowhaus, la <strong>primera empresa nacional de Project Management<\/strong> destinada exclusivament al disseny i execuci\u00f3 global de projectes residencials de tot tipus: Unifamiliars, plurifamiliars i resid\u00e8ncies de vacances, ja sigui en entorns urbans o rurals, tant d&#8217;obra nova com rehabilitaci\u00f3.[\/vc_column_text][vc_empty_space height=&#8221;45&#8243;][vc_btn title=&#8221;VERURE PROJECTES D&#8217;INTERIORISME&#8221; style=&#8221;outline&#8221; shape=&#8221;square&#8221; color=&#8221;black&#8221; size=&#8221;sm&#8221; css_animation=&#8221;bounceInRight&#8221; link=&#8221;url:http%3A%2F%2Fknowhaus.es%2Fca%2Finteriorisme%2F|||&#8221;][\/vc_column][\/vc_row][vc_row][vc_column][vc_empty_space height=&#8221;80&#8243;][\/vc_column][\/vc_row]<\/p>\n","protected":false},"excerpt":{"rendered":"<p>[vc_row][vc_column css_animation=&#8221;fadeInLeft&#8221; width=&#8221;1\/3&#8243;][vc_single_image image=&#8221;11540&#8243; img_size=&#8221;large&#8221; css_animation=&#8221;fadeInLeft&#8221;][\/vc_column][vc_column css_animation=&#8221;fadeInRight&#8221; width=&#8221;2\/3&#8243;][vc_column_text] \u201cUn Interiorista no \u00e9s nom\u00e9s un decorador. \u00c9s un int\u00e8rpret dels teus somnis.\u201d [\/vc_column_text][vc_empty_space height=&#8221;20&#8243;][vc_column_text]Gemma Gallego i Masmitj\u00e0 \u00e9s especialista en la creaci\u00f3, disseny, decoraci\u00f3 i gesti\u00f3 d&#8217;interiors. Despr\u00e9s d&#8217;una etapa de col\u00b7laboraci\u00f3 amb el prestigi\u00f3s arquitecte [&hellip;]<\/p>\n","protected":false},"author":2,"featured_media":0,"parent":0,"menu_order":0,"comment_status":"closed","ping_status":"closed","template":"","meta":{"footnotes":""},"yoast_head":"<!-- This site is optimized with the Yoast SEO plugin v22.4 - https:\/\/yoast.com\/wordpress\/plugins\/seo\/ -->\n<title>Gemma Gallego i Masmitj\u00e0<\/title>\n<meta name=\"description\" content=\"Gemma Gallego i Masmitj\u00e0 cofundadora de Knowhaus\" \/>\n<meta name=\"robots\" content=\"index, follow, max-snippet:-1, max-image-preview:large, max-video-preview:-1\" \/>\n<link rel=\"canonical\" href=\"https:\/\/knowhaus.es\/ca\/gemma-gallego-i-masmitja\/\" \/>\n<meta property=\"og:locale\" content=\"ca_ES\" \/>\n<meta property=\"og:type\" content=\"article\" \/>\n<meta property=\"og:title\" content=\"Gemma Gallego i Masmitj\u00e0\" \/>\n<meta property=\"og:description\" content=\"Gemma Gallego i Masmitj\u00e0 cofundadora de Knowhaus\" \/>\n<meta property=\"og:url\" content=\"https:\/\/knowhaus.es\/ca\/gemma-gallego-i-masmitja\/\" \/>\n<meta property=\"og:site_name\" content=\"KNOWHAUS\" \/>\n<meta property=\"article:publisher\" content=\"https:\/\/www.facebook.com\/knowhaus\/\" \/>\n<meta property=\"article:modified_time\" content=\"2017-12-19T11:40:50+00:00\" \/>\n<meta name=\"twitter:card\" content=\"summary_large_image\" \/>\n<meta name=\"twitter:label1\" content=\"Temps estimat de lectura\" \/>\n\t<meta name=\"twitter:data1\" content=\"1 minut\" \/>\n<script type=\"application\/ld+json\" class=\"yoast-schema-graph\">{\"@context\":\"https:\/\/schema.org\",\"@graph\":[{\"@type\":\"WebPage\",\"@id\":\"https:\/\/knowhaus.es\/ca\/gemma-gallego-i-masmitja\/\",\"url\":\"https:\/\/knowhaus.es\/ca\/gemma-gallego-i-masmitja\/\",\"name\":\"Gemma Gallego i Masmitj\u00e0\",\"isPartOf\":{\"@id\":\"https:\/\/knowhaus.es\/#website\"},\"datePublished\":\"2017-07-19T16:28:23+00:00\",\"dateModified\":\"2017-12-19T11:40:50+00:00\",\"description\":\"Gemma Gallego i Masmitj\u00e0 cofundadora de Knowhaus\",\"breadcrumb\":{\"@id\":\"https:\/\/knowhaus.es\/ca\/gemma-gallego-i-masmitja\/#breadcrumb\"},\"inLanguage\":\"ca\",\"potentialAction\":[{\"@type\":\"ReadAction\",\"target\":[\"https:\/\/knowhaus.es\/ca\/gemma-gallego-i-masmitja\/\"]}]},{\"@type\":\"BreadcrumbList\",\"@id\":\"https:\/\/knowhaus.es\/ca\/gemma-gallego-i-masmitja\/#breadcrumb\",\"itemListElement\":[{\"@type\":\"ListItem\",\"position\":1,\"name\":\"Portada\",\"item\":\"https:\/\/knowhaus.es\/ca\/\"},{\"@type\":\"ListItem\",\"position\":2,\"name\":\"Gemma Gallego i Masmitj\u00e0\"}]},{\"@type\":\"WebSite\",\"@id\":\"https:\/\/knowhaus.es\/#website\",\"url\":\"https:\/\/knowhaus.es\/\",\"name\":\"KNOWHAUS\",\"description\":\"ARCHITECTURE &amp; INTERIOR STUDIO BARCELONA\",\"publisher\":{\"@id\":\"https:\/\/knowhaus.es\/#organization\"},\"potentialAction\":[{\"@type\":\"SearchAction\",\"target\":{\"@type\":\"EntryPoint\",\"urlTemplate\":\"https:\/\/knowhaus.es\/?s={search_term_string}\"},\"query-input\":\"required name=search_term_string\"}],\"inLanguage\":\"ca\"},{\"@type\":\"Organization\",\"@id\":\"https:\/\/knowhaus.es\/#organization\",\"name\":\"KNOWHAUS - DISE\u00d1O, EXPERIENCIA Y CALIDAD\",\"url\":\"https:\/\/knowhaus.es\/\",\"logo\":{\"@type\":\"ImageObject\",\"inLanguage\":\"ca\",\"@id\":\"https:\/\/knowhaus.es\/#\/schema\/logo\/image\/\",\"url\":\"https:\/\/knowhaus.es\/wp-content\/uploads\/2017\/07\/logo_ok.png\",\"contentUrl\":\"https:\/\/knowhaus.es\/wp-content\/uploads\/2017\/07\/logo_ok.png\",\"width\":435,\"height\":128,\"caption\":\"KNOWHAUS - DISE\u00d1O, EXPERIENCIA Y CALIDAD\"},\"image\":{\"@id\":\"https:\/\/knowhaus.es\/#\/schema\/logo\/image\/\"},\"sameAs\":[\"https:\/\/www.facebook.com\/knowhaus\/\",\"https:\/\/www.instagram.com\/knowhaus\/\",\"https:\/\/www.pinterest.es\/Knowhaus\/\",\"https:\/\/www.youtube.com\/channel\/UCcV85kRslSS--Q41INqRvzQ\"]}]}<\/script>\n<!-- \/ Yoast SEO plugin. -->","yoast_head_json":{"title":"Gemma Gallego i Masmitj\u00e0","description":"Gemma Gallego i Masmitj\u00e0 cofundadora de Knowhaus","robots":{"index":"index","follow":"follow","max-snippet":"max-snippet:-1","max-image-preview":"max-image-preview:large","max-video-preview":"max-video-preview:-1"},"canonical":"https:\/\/knowhaus.es\/ca\/gemma-gallego-i-masmitja\/","og_locale":"ca_ES","og_type":"article","og_title":"Gemma Gallego i Masmitj\u00e0","og_description":"Gemma Gallego i Masmitj\u00e0 cofundadora de Knowhaus","og_url":"https:\/\/knowhaus.es\/ca\/gemma-gallego-i-masmitja\/","og_site_name":"KNOWHAUS","article_publisher":"https:\/\/www.facebook.com\/knowhaus\/","article_modified_time":"2017-12-19T11:40:50+00:00","twitter_card":"summary_large_image","twitter_misc":{"Temps estimat de lectura":"1 minut"},"schema":{"@context":"https:\/\/schema.org","@graph":[{"@type":"WebPage","@id":"https:\/\/knowhaus.es\/ca\/gemma-gallego-i-masmitja\/","url":"https:\/\/knowhaus.es\/ca\/gemma-gallego-i-masmitja\/","name":"Gemma Gallego i Masmitj\u00e0","isPartOf":{"@id":"https:\/\/knowhaus.es\/#website"},"datePublished":"2017-07-19T16:28:23+00:00","dateModified":"2017-12-19T11:40:50+00:00","description":"Gemma Gallego i Masmitj\u00e0 cofundadora de Knowhaus","breadcrumb":{"@id":"https:\/\/knowhaus.es\/ca\/gemma-gallego-i-masmitja\/#breadcrumb"},"inLanguage":"ca","potentialAction":[{"@type":"ReadAction","target":["https:\/\/knowhaus.es\/ca\/gemma-gallego-i-masmitja\/"]}]},{"@type":"BreadcrumbList","@id":"https:\/\/knowhaus.es\/ca\/gemma-gallego-i-masmitja\/#breadcrumb","itemListElement":[{"@type":"ListItem","position":1,"name":"Portada","item":"https:\/\/knowhaus.es\/ca\/"},{"@type":"ListItem","position":2,"name":"Gemma Gallego i Masmitj\u00e0"}]},{"@type":"WebSite","@id":"https:\/\/knowhaus.es\/#website","url":"https:\/\/knowhaus.es\/","name":"KNOWHAUS","description":"ARCHITECTURE &amp; INTERIOR STUDIO BARCELONA","publisher":{"@id":"https:\/\/knowhaus.es\/#organization"},"potentialAction":[{"@type":"SearchAction","target":{"@type":"EntryPoint","urlTemplate":"https:\/\/knowhaus.es\/?s={search_term_string}"},"query-input":"required name=search_term_string"}],"inLanguage":"ca"},{"@type":"Organization","@id":"https:\/\/knowhaus.es\/#organization","name":"KNOWHAUS - DISE\u00d1O, EXPERIENCIA Y CALIDAD","url":"https:\/\/knowhaus.es\/","logo":{"@type":"ImageObject","inLanguage":"ca","@id":"https:\/\/knowhaus.es\/#\/schema\/logo\/image\/","url":"https:\/\/knowhaus.es\/wp-content\/uploads\/2017\/07\/logo_ok.png","contentUrl":"https:\/\/knowhaus.es\/wp-content\/uploads\/2017\/07\/logo_ok.png","width":435,"height":128,"caption":"KNOWHAUS - DISE\u00d1O, EXPERIENCIA Y CALIDAD"},"image":{"@id":"https:\/\/knowhaus.es\/#\/schema\/logo\/image\/"},"sameAs":["https:\/\/www.facebook.com\/knowhaus\/","https:\/\/www.instagram.com\/knowhaus\/","https:\/\/www.pinterest.es\/Knowhaus\/","https:\/\/www.youtube.com\/channel\/UCcV85kRslSS--Q41INqRvzQ"]}]}},"_links":{"self":[{"href":"https:\/\/knowhaus.es\/ca\/wp-json\/wp\/v2\/pages\/11934"}],"collection":[{"href":"https:\/\/knowhaus.es\/ca\/wp-json\/wp\/v2\/pages"}],"about":[{"href":"https:\/\/knowhaus.es\/ca\/wp-json\/wp\/v2\/types\/page"}],"author":[{"embeddable":true,"href":"https:\/\/knowhaus.es\/ca\/wp-json\/wp\/v2\/users\/2"}],"replies":[{"embeddable":true,"href":"https:\/\/knowhaus.es\/ca\/wp-json\/wp\/v2\/comments?post=11934"}],"version-history":[{"count":3,"href":"https:\/\/knowhaus.es\/ca\/wp-json\/wp\/v2\/pages\/11934\/revisions"}],"predecessor-version":[{"id":12131,"href":"https:\/\/knowhaus.es\/ca\/wp-json\/wp\/v2\/pages\/11934\/revisions\/12131"}],"wp:attachment":[{"href":"https:\/\/knowhaus.es\/ca\/wp-json\/wp\/v2\/media?parent=11934"}],"curies":[{"name":"wp","href":"https:\/\/api.w.org\/{rel}","templated":true}]}}