{"id":11930,"date":"2017-06-21T15:41:27","date_gmt":"2017-06-21T15:41:27","guid":{"rendered":"http:\/\/knowhaus.es\/dani-blanch\/"},"modified":"2017-12-19T11:42:44","modified_gmt":"2017-12-19T11:42:44","slug":"dani-blanch","status":"publish","type":"page","link":"https:\/\/knowhaus.es\/ca\/dani-blanch\/","title":{"rendered":"Dani Blanch"},"content":{"rendered":"<p>[vc_row][vc_column css_animation=&#8221;fadeInLeft&#8221; width=&#8221;1\/3&#8243;][vc_single_image image=&#8221;10532&#8243; img_size=&#8221;large&#8221; css_animation=&#8221;fadeInLeft&#8221;][vc_empty_space]    <span class=\"eltdf-icon-animation-holder\" style=\"transition-delay: 100ms;-webkit-transition-delay: 100ms;-moz-transition-delay: 100ms;-ms-transition-delay: 100ms\">\n    <span class=\"eltdf-icon-shortcode eltdf-square eltdf-icon-animation \"  data-animation-delay=\"100\">\n                    <a itemprop=\"url\" class=\"\" href=\"https:\/\/www.linkedin.com\/in\/daniel-blanch-parcerisas-606aa450\" target=\"_blank\">\n                    <i class=\"eltdf-icon-font-awesome fa fa-linkedin eltdf-icon-element\" style=\"\" ><\/i>                    <\/a>\n            <\/span>\n    <\/span>\n[\/vc_column][vc_column css_animation=&#8221;fadeInRight&#8221; width=&#8221;2\/3&#8243;][vc_column_text]<\/p>\n<h3>&#8220;Que la teva gran il\u00b7lusi\u00f3 no es converteixi en el teu pitjor malson.&#8221;<\/h3>\n<p>[\/vc_column_text][vc_empty_space height=&#8221;20&#8243;][vc_column_text]Dani Blanch desenvolupa tota la seva carrera professional en el m\u00f3n de la <strong>promoci\u00f3 i gesti\u00f3 urban\u00edstica i immobili\u00e0ria<\/strong>. Adquireix una visi\u00f3 global com a <strong>Project Manager<\/strong> coordinant i dirigint equips d&#8217;arquitectes i aparelladors per desenvolupar projectes immobiliaris comercials, corporatius, industrials i principalment residencials per a algunes de les <strong>principals empreses nacionals i internacionals<\/strong>: Banco Vitalicio de Espa\u00f1a, Generali, Group Promodes, Carrefour, Layetana Inmobiliaria (Torre Agbar, Hotel Silken, Promociones Arcadias) i promocions residencials a tot Espanya.[\/vc_column_text][vc_empty_space height=&#8221;20&#8243;][vc_column_text]<\/p>\n<h4>2010: Creaci\u00f3 de Knowhaus<\/h4>\n<p>[\/vc_column_text][vc_column_text]Home Project Manager especialista en la gesti\u00f3 global de projectes claus en m\u00e0, el 2010 crea un equip multidisciplinar format per arquitectes, aparelladors, enginyers i s&#8217;associa amb la interiorista Gemma Gallego i Masmitj\u00e0 per crear Knowhaus. Neix la <strong>primera empresa nacional de Home Project Management<\/strong> destinada exclusivament al disseny, desenvolupament, creaci\u00f3 o rehabilitaci\u00f3 i execuci\u00f3 global de projectes residencials de tot tipus (unifamiliars, plurifamiliars i resid\u00e8ncies de vacances, ja siguin en mitjans urbans o rurals).[\/vc_column_text][vc_empty_space height=&#8221;45&#8243;][vc_btn title=&#8221;VEURE PROJECTES D&#8217;ARQUITECTURA&#8221; style=&#8221;outline&#8221; shape=&#8221;square&#8221; color=&#8221;black&#8221; size=&#8221;sm&#8221; css_animation=&#8221;bounceInLeft&#8221; link=&#8221;url:http%3A%2F%2Fknowhaus.es%2Fca%2Farquitectura%2F|||&#8221;][\/vc_column][\/vc_row][vc_row][vc_column][vc_empty_space height=&#8221;80&#8243;][\/vc_column][\/vc_row]<\/p>\n","protected":false},"excerpt":{"rendered":"<p>[vc_row][vc_column css_animation=&#8221;fadeInLeft&#8221; width=&#8221;1\/3&#8243;][vc_single_image image=&#8221;10532&#8243; img_size=&#8221;large&#8221; css_animation=&#8221;fadeInLeft&#8221;][vc_empty_space][\/vc_column][vc_column css_animation=&#8221;fadeInRight&#8221; width=&#8221;2\/3&#8243;][vc_column_text] &#8220;Que la teva gran il\u00b7lusi\u00f3 no es converteixi en el teu pitjor malson.&#8221; [\/vc_column_text][vc_empty_space height=&#8221;20&#8243;][vc_column_text]Dani Blanch desenvolupa tota la seva carrera professional en el m\u00f3n de la promoci\u00f3 i gesti\u00f3 urban\u00edstica i immobili\u00e0ria. Adquireix una visi\u00f3 global [&hellip;]<\/p>\n","protected":false},"author":2,"featured_media":0,"parent":0,"menu_order":0,"comment_status":"closed","ping_status":"closed","template":"","meta":{"footnotes":""},"yoast_head":"<!-- This site is optimized with the Yoast SEO plugin v22.4 - https:\/\/yoast.com\/wordpress\/plugins\/seo\/ -->\n<title>Dani Blanch<\/title>\n<meta name=\"description\" content=\"Dani Blanch cofundador de Knowhaus\" \/>\n<meta name=\"robots\" content=\"index, follow, max-snippet:-1, max-image-preview:large, max-video-preview:-1\" \/>\n<link rel=\"canonical\" href=\"https:\/\/knowhaus.es\/ca\/dani-blanch\/\" \/>\n<meta property=\"og:locale\" content=\"ca_ES\" \/>\n<meta property=\"og:type\" content=\"article\" \/>\n<meta property=\"og:title\" content=\"Dani Blanch\" \/>\n<meta property=\"og:description\" content=\"Dani Blanch cofundador de Knowhaus\" \/>\n<meta property=\"og:url\" content=\"https:\/\/knowhaus.es\/ca\/dani-blanch\/\" \/>\n<meta property=\"og:site_name\" content=\"KNOWHAUS\" \/>\n<meta property=\"article:publisher\" content=\"https:\/\/www.facebook.com\/knowhaus\/\" \/>\n<meta property=\"article:modified_time\" content=\"2017-12-19T11:42:44+00:00\" \/>\n<meta name=\"twitter:card\" content=\"summary_large_image\" \/>\n<meta name=\"twitter:label1\" content=\"Temps estimat de lectura\" \/>\n\t<meta name=\"twitter:data1\" content=\"2 minuts\" \/>\n<script type=\"application\/ld+json\" class=\"yoast-schema-graph\">{\"@context\":\"https:\/\/schema.org\",\"@graph\":[{\"@type\":\"WebPage\",\"@id\":\"https:\/\/knowhaus.es\/ca\/dani-blanch\/\",\"url\":\"https:\/\/knowhaus.es\/ca\/dani-blanch\/\",\"name\":\"Dani Blanch\",\"isPartOf\":{\"@id\":\"https:\/\/knowhaus.es\/#website\"},\"datePublished\":\"2017-06-21T15:41:27+00:00\",\"dateModified\":\"2017-12-19T11:42:44+00:00\",\"description\":\"Dani Blanch cofundador de Knowhaus\",\"breadcrumb\":{\"@id\":\"https:\/\/knowhaus.es\/ca\/dani-blanch\/#breadcrumb\"},\"inLanguage\":\"ca\",\"potentialAction\":[{\"@type\":\"ReadAction\",\"target\":[\"https:\/\/knowhaus.es\/ca\/dani-blanch\/\"]}]},{\"@type\":\"BreadcrumbList\",\"@id\":\"https:\/\/knowhaus.es\/ca\/dani-blanch\/#breadcrumb\",\"itemListElement\":[{\"@type\":\"ListItem\",\"position\":1,\"name\":\"Portada\",\"item\":\"https:\/\/knowhaus.es\/ca\/\"},{\"@type\":\"ListItem\",\"position\":2,\"name\":\"Dani Blanch\"}]},{\"@type\":\"WebSite\",\"@id\":\"https:\/\/knowhaus.es\/#website\",\"url\":\"https:\/\/knowhaus.es\/\",\"name\":\"KNOWHAUS\",\"description\":\"ARCHITECTURE &amp; INTERIOR STUDIO BARCELONA\",\"publisher\":{\"@id\":\"https:\/\/knowhaus.es\/#organization\"},\"potentialAction\":[{\"@type\":\"SearchAction\",\"target\":{\"@type\":\"EntryPoint\",\"urlTemplate\":\"https:\/\/knowhaus.es\/?s={search_term_string}\"},\"query-input\":\"required name=search_term_string\"}],\"inLanguage\":\"ca\"},{\"@type\":\"Organization\",\"@id\":\"https:\/\/knowhaus.es\/#organization\",\"name\":\"KNOWHAUS - DISE\u00d1O, EXPERIENCIA Y CALIDAD\",\"url\":\"https:\/\/knowhaus.es\/\",\"logo\":{\"@type\":\"ImageObject\",\"inLanguage\":\"ca\",\"@id\":\"https:\/\/knowhaus.es\/#\/schema\/logo\/image\/\",\"url\":\"https:\/\/knowhaus.es\/wp-content\/uploads\/2017\/07\/logo_ok.png\",\"contentUrl\":\"https:\/\/knowhaus.es\/wp-content\/uploads\/2017\/07\/logo_ok.png\",\"width\":435,\"height\":128,\"caption\":\"KNOWHAUS - DISE\u00d1O, EXPERIENCIA Y CALIDAD\"},\"image\":{\"@id\":\"https:\/\/knowhaus.es\/#\/schema\/logo\/image\/\"},\"sameAs\":[\"https:\/\/www.facebook.com\/knowhaus\/\",\"https:\/\/www.instagram.com\/knowhaus\/\",\"https:\/\/www.pinterest.es\/Knowhaus\/\",\"https:\/\/www.youtube.com\/channel\/UCcV85kRslSS--Q41INqRvzQ\"]}]}<\/script>\n<!-- \/ Yoast SEO plugin. -->","yoast_head_json":{"title":"Dani Blanch","description":"Dani Blanch cofundador de Knowhaus","robots":{"index":"index","follow":"follow","max-snippet":"max-snippet:-1","max-image-preview":"max-image-preview:large","max-video-preview":"max-video-preview:-1"},"canonical":"https:\/\/knowhaus.es\/ca\/dani-blanch\/","og_locale":"ca_ES","og_type":"article","og_title":"Dani Blanch","og_description":"Dani Blanch cofundador de Knowhaus","og_url":"https:\/\/knowhaus.es\/ca\/dani-blanch\/","og_site_name":"KNOWHAUS","article_publisher":"https:\/\/www.facebook.com\/knowhaus\/","article_modified_time":"2017-12-19T11:42:44+00:00","twitter_card":"summary_large_image","twitter_misc":{"Temps estimat de lectura":"2 minuts"},"schema":{"@context":"https:\/\/schema.org","@graph":[{"@type":"WebPage","@id":"https:\/\/knowhaus.es\/ca\/dani-blanch\/","url":"https:\/\/knowhaus.es\/ca\/dani-blanch\/","name":"Dani Blanch","isPartOf":{"@id":"https:\/\/knowhaus.es\/#website"},"datePublished":"2017-06-21T15:41:27+00:00","dateModified":"2017-12-19T11:42:44+00:00","description":"Dani Blanch cofundador de Knowhaus","breadcrumb":{"@id":"https:\/\/knowhaus.es\/ca\/dani-blanch\/#breadcrumb"},"inLanguage":"ca","potentialAction":[{"@type":"ReadAction","target":["https:\/\/knowhaus.es\/ca\/dani-blanch\/"]}]},{"@type":"BreadcrumbList","@id":"https:\/\/knowhaus.es\/ca\/dani-blanch\/#breadcrumb","itemListElement":[{"@type":"ListItem","position":1,"name":"Portada","item":"https:\/\/knowhaus.es\/ca\/"},{"@type":"ListItem","position":2,"name":"Dani Blanch"}]},{"@type":"WebSite","@id":"https:\/\/knowhaus.es\/#website","url":"https:\/\/knowhaus.es\/","name":"KNOWHAUS","description":"ARCHITECTURE &amp; INTERIOR STUDIO BARCELONA","publisher":{"@id":"https:\/\/knowhaus.es\/#organization"},"potentialAction":[{"@type":"SearchAction","target":{"@type":"EntryPoint","urlTemplate":"https:\/\/knowhaus.es\/?s={search_term_string}"},"query-input":"required name=search_term_string"}],"inLanguage":"ca"},{"@type":"Organization","@id":"https:\/\/knowhaus.es\/#organization","name":"KNOWHAUS - DISE\u00d1O, EXPERIENCIA Y CALIDAD","url":"https:\/\/knowhaus.es\/","logo":{"@type":"ImageObject","inLanguage":"ca","@id":"https:\/\/knowhaus.es\/#\/schema\/logo\/image\/","url":"https:\/\/knowhaus.es\/wp-content\/uploads\/2017\/07\/logo_ok.png","contentUrl":"https:\/\/knowhaus.es\/wp-content\/uploads\/2017\/07\/logo_ok.png","width":435,"height":128,"caption":"KNOWHAUS - DISE\u00d1O, EXPERIENCIA Y CALIDAD"},"image":{"@id":"https:\/\/knowhaus.es\/#\/schema\/logo\/image\/"},"sameAs":["https:\/\/www.facebook.com\/knowhaus\/","https:\/\/www.instagram.com\/knowhaus\/","https:\/\/www.pinterest.es\/Knowhaus\/","https:\/\/www.youtube.com\/channel\/UCcV85kRslSS--Q41INqRvzQ"]}]}},"_links":{"self":[{"href":"https:\/\/knowhaus.es\/ca\/wp-json\/wp\/v2\/pages\/11930"}],"collection":[{"href":"https:\/\/knowhaus.es\/ca\/wp-json\/wp\/v2\/pages"}],"about":[{"href":"https:\/\/knowhaus.es\/ca\/wp-json\/wp\/v2\/types\/page"}],"author":[{"embeddable":true,"href":"https:\/\/knowhaus.es\/ca\/wp-json\/wp\/v2\/users\/2"}],"replies":[{"embeddable":true,"href":"https:\/\/knowhaus.es\/ca\/wp-json\/wp\/v2\/comments?post=11930"}],"version-history":[{"count":4,"href":"https:\/\/knowhaus.es\/ca\/wp-json\/wp\/v2\/pages\/11930\/revisions"}],"predecessor-version":[{"id":12187,"href":"https:\/\/knowhaus.es\/ca\/wp-json\/wp\/v2\/pages\/11930\/revisions\/12187"}],"wp:attachment":[{"href":"https:\/\/knowhaus.es\/ca\/wp-json\/wp\/v2\/media?parent=11930"}],"curies":[{"name":"wp","href":"https:\/\/api.w.org\/{rel}","templated":true}]}}