{"id":11926,"date":"2017-01-30T15:30:18","date_gmt":"2017-01-30T15:30:18","guid":{"rendered":"http:\/\/knowhaus.es\/contacto\/"},"modified":"2020-09-23T16:13:02","modified_gmt":"2020-09-23T16:13:02","slug":"contacte","status":"publish","type":"page","link":"https:\/\/knowhaus.es\/ca\/contacte\/","title":{"rendered":"Contacte"},"content":{"rendered":"<p>[vc_row row_type=&#8221;parallax&#8221; full_screen_section_height=&#8221;no&#8221; parallax_section_height=&#8221;700&#8243; parallax_background_image=&#8221;13091&#8243; css=&#8221;.vc_custom_1572512431373{background-position: center !important;background-repeat: no-repeat !important;background-size: cover !important;}&#8221;][vc_column][\/vc_column][\/vc_row][vc_row css=&#8221;.vc_custom_1500895066329{background-position: center !important;background-repeat: no-repeat !important;background-size: cover !important;}&#8221;][vc_column][vc_column_text]<\/p>\n<h2 style=\"text-align: center;\">Explica&#8217;ns el teu somni.<\/h2>\n<p>[\/vc_column_text][\/vc_column][\/vc_row][vc_row row_content_width=&#8221;grid&#8221; css=&#8221;.vc_custom_1500550905429{padding-top: 102px !important;padding-bottom: 136px !important;}&#8221; anchor=&#8221;form&#8221; el_id=&#8221;3&#8243;][vc_column offset=&#8221;vc_col-lg-6&#8243;][vc_empty_space height=&#8221;40&#8243;]<div role=\"form\" class=\"wpcf7\" id=\"wpcf7-f12132-o1\" lang=\"es-ES\" dir=\"ltr\">\n<div class=\"screen-reader-response\" role=\"alert\" aria-live=\"polite\"><\/div>\n<form action=\"\/ca\/wp-json\/wp\/v2\/pages\/11926#wpcf7-f12132-o1\" method=\"post\" class=\"wpcf7-form init\" novalidate=\"novalidate\">\n<div style=\"display: none;\">\n<input type=\"hidden\" name=\"_wpcf7\" value=\"12132\" \/>\n<input type=\"hidden\" name=\"_wpcf7_version\" value=\"5.2.1\" \/>\n<input type=\"hidden\" name=\"_wpcf7_locale\" value=\"es_ES\" \/>\n<input type=\"hidden\" name=\"_wpcf7_unit_tag\" value=\"wpcf7-f12132-o1\" \/>\n<input type=\"hidden\" name=\"_wpcf7_container_post\" value=\"0\" \/>\n<input type=\"hidden\" name=\"_wpcf7_posted_data_hash\" value=\"\" \/>\n<input type=\"hidden\" name=\"_wpcf7_recaptcha_response\" value=\"\" \/>\n<\/div>\n<p><label> Nom (requerit)<br \/>\n    <span class=\"wpcf7-form-control-wrap your-name\"><input type=\"text\" name=\"your-name\" value=\"\" size=\"40\" class=\"wpcf7-form-control wpcf7-text wpcf7-validates-as-required\" aria-required=\"true\" aria-invalid=\"false\" \/><\/span> <\/label><\/p>\n<p><label> El teu correu electr\u00f2nic (requerit)<br \/>\n    <span class=\"wpcf7-form-control-wrap your-email\"><input type=\"email\" name=\"your-email\" value=\"\" size=\"40\" class=\"wpcf7-form-control wpcf7-text wpcf7-email wpcf7-validates-as-required wpcf7-validates-as-email\" aria-required=\"true\" aria-invalid=\"false\" \/><\/span> <\/label><\/p>\n<p><label> Assumpte<br \/>\n    <span class=\"wpcf7-form-control-wrap your-subject\"><input type=\"text\" name=\"your-subject\" value=\"\" size=\"40\" class=\"wpcf7-form-control wpcf7-text\" aria-invalid=\"false\" \/><\/span> <\/label><\/p>\n<p><label> Missatge<br \/>\n    <span class=\"wpcf7-form-control-wrap your-message\"><textarea name=\"your-message\" cols=\"40\" rows=\"10\" class=\"wpcf7-form-control wpcf7-textarea\" aria-invalid=\"false\"><\/textarea><\/span> <\/label><\/p>\n<p><label> Identitat: KNOWHAUS BARCELONA, S.L. - NIF: B-63734552  Dir. postal: Av. Diagonal, 550, 4-1 Tel\u00e9fono: 935192233 Correu electr\u00f2nic: info@knowhaus.es.<br \/>\nEn nom de l'empresa tractem la informaci\u00f3 que ens facilita per tal d'informar-los, oferir el servei sol\u00b7licitat i realitzar la facturaci\u00f3 del mateix. Les dades proporcionades es conservaran mentre es mantingui la relaci\u00f3 comercial o durant els anys necessaris per complir amb les obligacions legals. Les dades no se cediran a tercers excepte en els casos en qu\u00e8 hi hagi una obligaci\u00f3 legal. Vost\u00e8 t\u00e9 dret a obtenir confirmaci\u00f3 sobre si a KNOWHAUS BARCELONA, S.L. estem tractant les seves dades personals per tant t\u00e9 dret a accedir a les seves dades personals, rectificar les dades inexactes o sol\u00b7licitar la seva supressi\u00f3 quan les dades ja no siguin necess\u00e0ries.<br \/>\nAix\u00ed mateix sol\u00b7licito la seva autoritzaci\u00f3 per oferir productes i serveis relacionats amb els sol\u00b7licitats i fidelizar-lo com a client.<br \/>\nS\u00ed, accepto.<br \/>\n    <span class=\"wpcf7-form-control-wrap acceptance-458\"><span class=\"wpcf7-form-control wpcf7-acceptance\"><span class=\"wpcf7-list-item\"><input type=\"checkbox\" name=\"acceptance-458\" value=\"1\" aria-invalid=\"false\" \/><\/span><\/span><\/span> <\/label><\/p>\n\n<p><input type=\"submit\" value=\"Enviar\" class=\"wpcf7-form-control wpcf7-submit\" \/><\/p>\n<div class=\"wpcf7-response-output\" role=\"alert\" aria-hidden=\"true\"><\/div><\/form><\/div>[\/vc_column][vc_column offset=&#8221;vc_col-lg-6&#8243; css=&#8221;.vc_custom_1485947282734{padding-right: 9% !important;}&#8221;][vc_row_inner css=&#8221;.vc_custom_1485946682953{padding-top: 48px !important;}&#8221;][vc_column_inner][vc_column_text]<\/p>\n<h4>Knowhaus<\/h4>\n<p>[\/vc_column_text][vc_column_text css=&#8221;.vc_custom_1593942080409{margin-top: -5px !important;}&#8221;]Carrer Muntaner 261 2\u00ba<br \/>\n08021 Barcelona[\/vc_column_text][vc_empty_space height=&#8221;8px&#8221;][vc_column_text]Email:\u00a0<a href=\"mailto:info@knowhaus.es\">info@knowhaus.es<\/a><br \/>\nTel\u00e8fon: +34 935 192 233[\/vc_column_text][vc_empty_space height=&#8221;20px&#8221;][vc_column_text]<strong>Horari oficines:<\/strong><\/p>\n<ul>\n<li>De dilluns a dijous de 9h a\u00a014h i de 15.30h a 19h.<\/li>\n<li>Divendres de 9h a\u00a015h.<\/li>\n<\/ul>\n<p>[\/vc_column_text][\/vc_column_inner][\/vc_row_inner][\/vc_column][\/vc_row][vc_row][vc_column]<div class=\"eltdf-google-map-holder\">\n\t<div class=\"eltdf-google-map\" id=\"eltdf-map-2422941\" data-addresses='[\"Muntaner 261, Barcelona\"]' data-custom-map-style=yes data-color-overlay=#000000 data-saturation=-100 data-lightness=-50 data-zoom=15 data-pin=https:\/\/knowhaus.es\/wp-content\/uploads\/2017\/01\/ico-maps.png data-unique-id=2422941 data-scroll-wheel=no data-height=568><\/div>\n\t\t\t<div class=\"eltdf-google-map-overlay\"><\/div>\n\t<\/div>\n[\/vc_column][\/vc_row]<\/p>\n","protected":false},"excerpt":{"rendered":"<p>[vc_row row_type=&#8221;parallax&#8221; full_screen_section_height=&#8221;no&#8221; parallax_section_height=&#8221;700&#8243; parallax_background_image=&#8221;13091&#8243; css=&#8221;.vc_custom_1572512431373{background-position: center !important;background-repeat: no-repeat !important;background-size: cover !important;}&#8221;][vc_column][\/vc_column][\/vc_row][vc_row css=&#8221;.vc_custom_1500895066329{background-position: center !important;background-repeat: no-repeat !important;background-size: cover !important;}&#8221;][vc_column][vc_column_text] Explica&#8217;ns el teu somni. [\/vc_column_text][\/vc_column][\/vc_row][vc_row row_content_width=&#8221;grid&#8221; css=&#8221;.vc_custom_1500550905429{padding-top: 102px !important;padding-bottom: 136px !important;}&#8221; anchor=&#8221;form&#8221; el_id=&#8221;3&#8243;][vc_column offset=&#8221;vc_col-lg-6&#8243;][vc_empty_space height=&#8221;40&#8243;][\/vc_column][vc_column offset=&#8221;vc_col-lg-6&#8243; css=&#8221;.vc_custom_1485947282734{padding-right: 9% !important;}&#8221;][vc_row_inner css=&#8221;.vc_custom_1485946682953{padding-top: 48px !important;}&#8221;][vc_column_inner][vc_column_text] Knowhaus [\/vc_column_text][vc_column_text css=&#8221;.vc_custom_1593942080409{margin-top: -5px [&hellip;]<\/p>\n","protected":false},"author":1,"featured_media":0,"parent":0,"menu_order":0,"comment_status":"closed","ping_status":"closed","template":"full-width.php","meta":{"footnotes":""},"yoast_head":"<!-- This site is optimized with the Yoast SEO plugin v22.4 - https:\/\/yoast.com\/wordpress\/plugins\/seo\/ -->\n<title>Contacte &#8211; KNOWHAUS<\/title>\n<meta name=\"description\" content=\"Somos un equipo especializado en arquitectura, rehabilitaci\u00f3n e interiorismo. Planificamos tu proyecto de forma ejecutiva, clara y un cumpliento del plazo de ejecuci\u00f3n.\" \/>\n<meta name=\"robots\" content=\"index, follow, max-snippet:-1, max-image-preview:large, max-video-preview:-1\" \/>\n<link rel=\"canonical\" href=\"https:\/\/knowhaus.es\/ca\/contacte\/\" \/>\n<meta property=\"og:locale\" content=\"ca_ES\" \/>\n<meta property=\"og:type\" content=\"article\" \/>\n<meta property=\"og:title\" content=\"Contacte &#8211; KNOWHAUS\" \/>\n<meta property=\"og:description\" content=\"Somos un equipo especializado en arquitectura, rehabilitaci\u00f3n e interiorismo. Planificamos tu proyecto de forma ejecutiva, clara y un cumpliento del plazo de ejecuci\u00f3n.\" \/>\n<meta property=\"og:url\" content=\"https:\/\/knowhaus.es\/ca\/contacte\/\" \/>\n<meta property=\"og:site_name\" content=\"KNOWHAUS\" \/>\n<meta property=\"article:publisher\" content=\"https:\/\/www.facebook.com\/knowhaus\/\" \/>\n<meta property=\"article:modified_time\" content=\"2020-09-23T16:13:02+00:00\" \/>\n<meta name=\"twitter:card\" content=\"summary_large_image\" \/>\n<meta name=\"twitter:label1\" content=\"Temps estimat de lectura\" \/>\n\t<meta name=\"twitter:data1\" content=\"1 minut\" \/>\n<script type=\"application\/ld+json\" class=\"yoast-schema-graph\">{\"@context\":\"https:\/\/schema.org\",\"@graph\":[{\"@type\":\"WebPage\",\"@id\":\"https:\/\/knowhaus.es\/ca\/contacte\/\",\"url\":\"https:\/\/knowhaus.es\/ca\/contacte\/\",\"name\":\"Contacte &#8211; KNOWHAUS\",\"isPartOf\":{\"@id\":\"https:\/\/knowhaus.es\/#website\"},\"datePublished\":\"2017-01-30T15:30:18+00:00\",\"dateModified\":\"2020-09-23T16:13:02+00:00\",\"description\":\"Somos un equipo especializado en arquitectura, rehabilitaci\u00f3n e interiorismo. Planificamos tu proyecto de forma ejecutiva, clara y un cumpliento del plazo de ejecuci\u00f3n.\",\"breadcrumb\":{\"@id\":\"https:\/\/knowhaus.es\/ca\/contacte\/#breadcrumb\"},\"inLanguage\":\"ca\",\"potentialAction\":[{\"@type\":\"ReadAction\",\"target\":[\"https:\/\/knowhaus.es\/ca\/contacte\/\"]}]},{\"@type\":\"BreadcrumbList\",\"@id\":\"https:\/\/knowhaus.es\/ca\/contacte\/#breadcrumb\",\"itemListElement\":[{\"@type\":\"ListItem\",\"position\":1,\"name\":\"Portada\",\"item\":\"https:\/\/knowhaus.es\/ca\/\"},{\"@type\":\"ListItem\",\"position\":2,\"name\":\"Contacte\"}]},{\"@type\":\"WebSite\",\"@id\":\"https:\/\/knowhaus.es\/#website\",\"url\":\"https:\/\/knowhaus.es\/\",\"name\":\"KNOWHAUS\",\"description\":\"ARCHITECTURE &amp; INTERIOR STUDIO BARCELONA\",\"publisher\":{\"@id\":\"https:\/\/knowhaus.es\/#organization\"},\"potentialAction\":[{\"@type\":\"SearchAction\",\"target\":{\"@type\":\"EntryPoint\",\"urlTemplate\":\"https:\/\/knowhaus.es\/?s={search_term_string}\"},\"query-input\":\"required name=search_term_string\"}],\"inLanguage\":\"ca\"},{\"@type\":\"Organization\",\"@id\":\"https:\/\/knowhaus.es\/#organization\",\"name\":\"KNOWHAUS - DISE\u00d1O, EXPERIENCIA Y CALIDAD\",\"url\":\"https:\/\/knowhaus.es\/\",\"logo\":{\"@type\":\"ImageObject\",\"inLanguage\":\"ca\",\"@id\":\"https:\/\/knowhaus.es\/#\/schema\/logo\/image\/\",\"url\":\"https:\/\/knowhaus.es\/wp-content\/uploads\/2017\/07\/logo_ok.png\",\"contentUrl\":\"https:\/\/knowhaus.es\/wp-content\/uploads\/2017\/07\/logo_ok.png\",\"width\":435,\"height\":128,\"caption\":\"KNOWHAUS - DISE\u00d1O, EXPERIENCIA Y CALIDAD\"},\"image\":{\"@id\":\"https:\/\/knowhaus.es\/#\/schema\/logo\/image\/\"},\"sameAs\":[\"https:\/\/www.facebook.com\/knowhaus\/\",\"https:\/\/www.instagram.com\/knowhaus\/\",\"https:\/\/www.pinterest.es\/Knowhaus\/\",\"https:\/\/www.youtube.com\/channel\/UCcV85kRslSS--Q41INqRvzQ\"]}]}<\/script>\n<!-- \/ Yoast SEO plugin. -->","yoast_head_json":{"title":"Contacte &#8211; KNOWHAUS","description":"Somos un equipo especializado en arquitectura, rehabilitaci\u00f3n e interiorismo. Planificamos tu proyecto de forma ejecutiva, clara y un cumpliento del plazo de ejecuci\u00f3n.","robots":{"index":"index","follow":"follow","max-snippet":"max-snippet:-1","max-image-preview":"max-image-preview:large","max-video-preview":"max-video-preview:-1"},"canonical":"https:\/\/knowhaus.es\/ca\/contacte\/","og_locale":"ca_ES","og_type":"article","og_title":"Contacte &#8211; KNOWHAUS","og_description":"Somos un equipo especializado en arquitectura, rehabilitaci\u00f3n e interiorismo. Planificamos tu proyecto de forma ejecutiva, clara y un cumpliento del plazo de ejecuci\u00f3n.","og_url":"https:\/\/knowhaus.es\/ca\/contacte\/","og_site_name":"KNOWHAUS","article_publisher":"https:\/\/www.facebook.com\/knowhaus\/","article_modified_time":"2020-09-23T16:13:02+00:00","twitter_card":"summary_large_image","twitter_misc":{"Temps estimat de lectura":"1 minut"},"schema":{"@context":"https:\/\/schema.org","@graph":[{"@type":"WebPage","@id":"https:\/\/knowhaus.es\/ca\/contacte\/","url":"https:\/\/knowhaus.es\/ca\/contacte\/","name":"Contacte &#8211; KNOWHAUS","isPartOf":{"@id":"https:\/\/knowhaus.es\/#website"},"datePublished":"2017-01-30T15:30:18+00:00","dateModified":"2020-09-23T16:13:02+00:00","description":"Somos un equipo especializado en arquitectura, rehabilitaci\u00f3n e interiorismo. Planificamos tu proyecto de forma ejecutiva, clara y un cumpliento del plazo de ejecuci\u00f3n.","breadcrumb":{"@id":"https:\/\/knowhaus.es\/ca\/contacte\/#breadcrumb"},"inLanguage":"ca","potentialAction":[{"@type":"ReadAction","target":["https:\/\/knowhaus.es\/ca\/contacte\/"]}]},{"@type":"BreadcrumbList","@id":"https:\/\/knowhaus.es\/ca\/contacte\/#breadcrumb","itemListElement":[{"@type":"ListItem","position":1,"name":"Portada","item":"https:\/\/knowhaus.es\/ca\/"},{"@type":"ListItem","position":2,"name":"Contacte"}]},{"@type":"WebSite","@id":"https:\/\/knowhaus.es\/#website","url":"https:\/\/knowhaus.es\/","name":"KNOWHAUS","description":"ARCHITECTURE &amp; INTERIOR STUDIO BARCELONA","publisher":{"@id":"https:\/\/knowhaus.es\/#organization"},"potentialAction":[{"@type":"SearchAction","target":{"@type":"EntryPoint","urlTemplate":"https:\/\/knowhaus.es\/?s={search_term_string}"},"query-input":"required name=search_term_string"}],"inLanguage":"ca"},{"@type":"Organization","@id":"https:\/\/knowhaus.es\/#organization","name":"KNOWHAUS - DISE\u00d1O, EXPERIENCIA Y CALIDAD","url":"https:\/\/knowhaus.es\/","logo":{"@type":"ImageObject","inLanguage":"ca","@id":"https:\/\/knowhaus.es\/#\/schema\/logo\/image\/","url":"https:\/\/knowhaus.es\/wp-content\/uploads\/2017\/07\/logo_ok.png","contentUrl":"https:\/\/knowhaus.es\/wp-content\/uploads\/2017\/07\/logo_ok.png","width":435,"height":128,"caption":"KNOWHAUS - DISE\u00d1O, EXPERIENCIA Y CALIDAD"},"image":{"@id":"https:\/\/knowhaus.es\/#\/schema\/logo\/image\/"},"sameAs":["https:\/\/www.facebook.com\/knowhaus\/","https:\/\/www.instagram.com\/knowhaus\/","https:\/\/www.pinterest.es\/Knowhaus\/","https:\/\/www.youtube.com\/channel\/UCcV85kRslSS--Q41INqRvzQ"]}]}},"_links":{"self":[{"href":"https:\/\/knowhaus.es\/ca\/wp-json\/wp\/v2\/pages\/11926"}],"collection":[{"href":"https:\/\/knowhaus.es\/ca\/wp-json\/wp\/v2\/pages"}],"about":[{"href":"https:\/\/knowhaus.es\/ca\/wp-json\/wp\/v2\/types\/page"}],"author":[{"embeddable":true,"href":"https:\/\/knowhaus.es\/ca\/wp-json\/wp\/v2\/users\/1"}],"replies":[{"embeddable":true,"href":"https:\/\/knowhaus.es\/ca\/wp-json\/wp\/v2\/comments?post=11926"}],"version-history":[{"count":5,"href":"https:\/\/knowhaus.es\/ca\/wp-json\/wp\/v2\/pages\/11926\/revisions"}],"predecessor-version":[{"id":13110,"href":"https:\/\/knowhaus.es\/ca\/wp-json\/wp\/v2\/pages\/11926\/revisions\/13110"}],"wp:attachment":[{"href":"https:\/\/knowhaus.es\/ca\/wp-json\/wp\/v2\/media?parent=11926"}],"curies":[{"name":"wp","href":"https:\/\/api.w.org\/{rel}","templated":true}]}}