{"id":11924,"date":"2017-06-14T09:44:16","date_gmt":"2017-06-14T09:44:16","guid":{"rendered":"http:\/\/knowhaus.es\/prensa\/"},"modified":"2017-12-19T10:42:49","modified_gmt":"2017-12-19T10:42:49","slug":"mitjans","status":"publish","type":"page","link":"https:\/\/knowhaus.es\/ca\/mitjans\/","title":{"rendered":"Knowhaus als mitjans"},"content":{"rendered":"<p>[vc_row][vc_column]<div class=\"eltdf-blog-list-holder  eltdf-blog-list-columns-2 eltdf-blog-list-normal-space eltdf-boxed\" data-max-num-pages= 0 data-next-page= 2 data-type= boxed data-number-of-posts= -1 data-number-of-columns= 2 data-image-size= landscape data-order-by= title data-order= DESC data-category= prensa data-title-tag= h4 data-text-length= 1000 data-post-info-section= no data-post-info-author= yes data-post-info-date= yes data-post-info-category= yes data-post-info-comments= no data-post-info-like= no data-post-info-share= no data-post-info-tags= no data-enable-read-more-button= no data-enable-load-more-button= no >\n\t\t<ul class=\"eltdf-blog-list\">\n\t\t\t\t<li class=\"eltdf-bli clearfix\">\n\t<div class=\"eltdf-bli-inner\">\n\t\t\t\t\t<div class=\"eltdf-bli-image\">\n\t\t\t\t<a itemprop=\"url\" href=\"https:\/\/knowhaus.es\/ca\/2017\/06\/14\/the-telegraph-marzo-2012-international-beautiful-bathrooms\/\">\n\t\t\t\t\t<img width=\"620\" height=\"300\" src=\"https:\/\/knowhaus.es\/wp-content\/uploads\/2017\/06\/telegraph.jpeg\" class=\"attachment-ambient_elated_landscape size-ambient_elated_landscape wp-post-image\" alt=\"\" decoding=\"async\" srcset=\"https:\/\/knowhaus.es\/wp-content\/uploads\/2017\/06\/telegraph.jpeg 620w, https:\/\/knowhaus.es\/wp-content\/uploads\/2017\/06\/telegraph-300x145.jpeg 300w\" sizes=\"(max-width: 620px) 100vw, 620px\" \/>\t\t\t\t\t<div class=\"eltdf-bli-overlay\"><\/div>\n\t\t\t\t<\/a>\n\t\t\t<\/div>\n\t\t\t\t<div class=\"eltdf-item-text-holder\" >\n\t\t\t\t\t\t\n\t\t\t<h4 itemprop=\"name\" class=\"eltdf-bli-title entry-title\" >\n\t\t\t\t<span class=\"eltdf-bli-title-inner\"><a itemprop=\"url\" href=\"https:\/\/knowhaus.es\/ca\/2017\/06\/14\/the-telegraph-marzo-2012-international-beautiful-bathrooms\/\" title=\"The Telegraph \u2013 Mar\u00e7 2012 &#8211; International Beautiful Bathrooms\">The Telegraph \u2013 Mar\u00e7 2012 &#8211; International Beautiful Bathrooms<\/a><\/span>\n\t\t\t<\/h4>\n\t\t\t\n\t\t\t\t\t\t\t<div class=\"eltdf-bli-excerpt-holder\"><p itemprop=\"description\" class=\"eltdf-bli-excerpt\">&#8220;Sensualitat, harmonia, descans, pau, calidesa &#8230; un parad\u00eds de somni dins de la llar, un aut\u00e8ntic spa de luxe privat on pots evadir-te del m\u00f3n a casa teva sempre que un ho desitgis.&#8221; L&#8217;Spa compost per una \u00e0mplia banyera d&#8217;hidromassatge , es complementa per una [&hellip;]<\/p><\/div>\n\t\t\t\n\t\t\t\n\t\t\t\t\t<\/div>\n\t<\/div>\t\n<\/li><li class=\"eltdf-bli clearfix\">\n\t<div class=\"eltdf-bli-inner\">\n\t\t\t\t\t<div class=\"eltdf-bli-image\">\n\t\t\t\t<a itemprop=\"url\" href=\"https:\/\/knowhaus.es\/ca\/2017\/06\/19\/pedralbes\/\">\n\t\t\t\t\t<img width=\"800\" height=\"600\" src=\"https:\/\/knowhaus.es\/wp-content\/uploads\/2017\/06\/FullSizeRender-800x600.jpg\" class=\"attachment-ambient_elated_landscape size-ambient_elated_landscape wp-post-image\" alt=\"\" decoding=\"async\" \/>\t\t\t\t\t<div class=\"eltdf-bli-overlay\"><\/div>\n\t\t\t\t<\/a>\n\t\t\t<\/div>\n\t\t\t\t<div class=\"eltdf-item-text-holder\" >\n\t\t\t\t\t\t\n\t\t\t<h4 itemprop=\"name\" class=\"eltdf-bli-title entry-title\" >\n\t\t\t\t<span class=\"eltdf-bli-title-inner\"><a itemprop=\"url\" href=\"https:\/\/knowhaus.es\/ca\/2017\/06\/19\/pedralbes\/\" title=\"Projecte de dos habitatges a Pedralbes, Barcelona.\">Projecte de dos habitatges a Pedralbes, Barcelona.<\/a><\/span>\n\t\t\t<\/h4>\n\t\t\t\n\t\t\t\t\t\t\t<div class=\"eltdf-bli-excerpt-holder\"><p itemprop=\"description\" class=\"eltdf-bli-excerpt\">En Knowhaus estem orgullosos de veure publicat a &#8220;La Vanguardia&#8221; el nostre espectacular projecte d&#8217;arquitectura i interiorisme de dos habitatges a Pedralbes, Barcelona. Espectacular projecte a Pedralbes amb vistes sobre Barcelona. Els dos habitatges de nova construcci\u00f3 comptaran amb m\u00e9s de 1.300 m2 constru\u00efts i [&hellip;]<\/p><\/div>\n\t\t\t\n\t\t\t\n\t\t\t\t\t<\/div>\n\t<\/div>\t\n<\/li><li class=\"eltdf-bli clearfix\">\n\t<div class=\"eltdf-bli-inner\">\n\t\t\t\t\t<div class=\"eltdf-bli-image\">\n\t\t\t\t<a itemprop=\"url\" href=\"https:\/\/knowhaus.es\/ca\/2017\/06\/14\/interiores-no-133-salones-15-grandes-decoradores\/\">\n\t\t\t\t\t<img width=\"620\" height=\"300\" src=\"https:\/\/knowhaus.es\/wp-content\/uploads\/2017\/06\/interiores133.jpeg\" class=\"attachment-ambient_elated_landscape size-ambient_elated_landscape wp-post-image\" alt=\"\" decoding=\"async\" srcset=\"https:\/\/knowhaus.es\/wp-content\/uploads\/2017\/06\/interiores133.jpeg 620w, https:\/\/knowhaus.es\/wp-content\/uploads\/2017\/06\/interiores133-300x145.jpeg 300w\" sizes=\"(max-width: 620px) 100vw, 620px\" \/>\t\t\t\t\t<div class=\"eltdf-bli-overlay\"><\/div>\n\t\t\t\t<\/a>\n\t\t\t<\/div>\n\t\t\t\t<div class=\"eltdf-item-text-holder\" >\n\t\t\t\t\t\t\n\t\t\t<h4 itemprop=\"name\" class=\"eltdf-bli-title entry-title\" >\n\t\t\t\t<span class=\"eltdf-bli-title-inner\"><a itemprop=\"url\" href=\"https:\/\/knowhaus.es\/ca\/2017\/06\/14\/interiores-no-133-salones-15-grandes-decoradores\/\" title=\"Interiores. N\u00ba 133. Sales: 15 grans decoradors\">Interiores. N\u00ba 133. Sales: 15 grans decoradors<\/a><\/span>\n\t\t\t<\/h4>\n\t\t\t\n\t\t\t\t\t\t\t<div class=\"eltdf-bli-excerpt-holder\"><p itemprop=\"description\" class=\"eltdf-bli-excerpt\">&#8220;El projecte \u00e9s obra de Knowhaus Home Project Management, un innovador concepte d&#8217;empresa dedicada a la coordinaci\u00f3 integral de projectes d&#8217;interiorisme, distribuci\u00f3 i construcci\u00f3 d&#8217;espais. Un treball que fins ara s&#8217;aplicava gaireb\u00e9 exclusivament a oficines i que t\u00e9 cura des de l&#8217;execuci\u00f3 de l&#8217;obra fins [&hellip;]<\/p><\/div>\n\t\t\t\n\t\t\t\n\t\t\t\t\t<\/div>\n\t<\/div>\t\n<\/li><li class=\"eltdf-bli clearfix\">\n\t<div class=\"eltdf-bli-inner\">\n\t\t\t\t\t<div class=\"eltdf-bli-image\">\n\t\t\t\t<a itemprop=\"url\" href=\"https:\/\/knowhaus.es\/ca\/2017\/06\/07\/interiores-octubre-2011-casas-plena-armonia\/\">\n\t\t\t\t\t<img width=\"620\" height=\"300\" src=\"https:\/\/knowhaus.es\/wp-content\/uploads\/2017\/06\/interiores_octubre2011.jpg\" class=\"attachment-ambient_elated_landscape size-ambient_elated_landscape wp-post-image\" alt=\"\" decoding=\"async\" srcset=\"https:\/\/knowhaus.es\/wp-content\/uploads\/2017\/06\/interiores_octubre2011.jpg 620w, https:\/\/knowhaus.es\/wp-content\/uploads\/2017\/06\/interiores_octubre2011-300x145.jpg 300w\" sizes=\"(max-width: 620px) 100vw, 620px\" \/>\t\t\t\t\t<div class=\"eltdf-bli-overlay\"><\/div>\n\t\t\t\t<\/a>\n\t\t\t<\/div>\n\t\t\t\t<div class=\"eltdf-item-text-holder\" >\n\t\t\t\t\t\t\n\t\t\t<h4 itemprop=\"name\" class=\"eltdf-bli-title entry-title\" >\n\t\t\t\t<span class=\"eltdf-bli-title-inner\"><a itemprop=\"url\" href=\"https:\/\/knowhaus.es\/ca\/2017\/06\/07\/interiores-octubre-2011-casas-plena-armonia\/\" title=\"Interiores- Octubre 2011- Cases en Plena Harmonia\">Interiores- Octubre 2011- Cases en Plena Harmonia<\/a><\/span>\n\t\t\t<\/h4>\n\t\t\t\n\t\t\t\t\t\t\t<div class=\"eltdf-bli-excerpt-holder\"><p itemprop=\"description\" class=\"eltdf-bli-excerpt\">Country Chic. La llum natural \u00e9s la gran protagonista d&#8217;aquest sal\u00f3, un espai amb profusi\u00f3 de teixits, on s&#8217;ha vestit tamb\u00e9 la paret principal de l&#8217;estada amb una tela a quadres grisos (&#8230;) Una combinaci\u00f3 acollidora i molt actual, en paraules de la propiet\u00e0ria , [&hellip;]<\/p><\/div>\n\t\t\t\n\t\t\t\n\t\t\t\t\t<\/div>\n\t<\/div>\t\n<\/li><li class=\"eltdf-bli clearfix\">\n\t<div class=\"eltdf-bli-inner\">\n\t\t\t\t\t<div class=\"eltdf-bli-image\">\n\t\t\t\t<a itemprop=\"url\" href=\"https:\/\/knowhaus.es\/ca\/2017\/06\/07\/interiores-148-casas-alegria-deseos-cumplidos\/\">\n\t\t\t\t\t<img width=\"620\" height=\"300\" src=\"https:\/\/knowhaus.es\/wp-content\/uploads\/2017\/06\/prensa-maig-2012-interiores3-620x300.jpg\" class=\"attachment-ambient_elated_landscape size-ambient_elated_landscape wp-post-image\" alt=\"\" decoding=\"async\" srcset=\"https:\/\/knowhaus.es\/wp-content\/uploads\/2017\/06\/prensa-maig-2012-interiores3-620x300.jpg 620w, https:\/\/knowhaus.es\/wp-content\/uploads\/2017\/06\/prensa-maig-2012-interiores3-620x300-300x145.jpg 300w\" sizes=\"(max-width: 620px) 100vw, 620px\" \/>\t\t\t\t\t<div class=\"eltdf-bli-overlay\"><\/div>\n\t\t\t\t<\/a>\n\t\t\t<\/div>\n\t\t\t\t<div class=\"eltdf-item-text-holder\" >\n\t\t\t\t\t\t\n\t\t\t<h4 itemprop=\"name\" class=\"eltdf-bli-title entry-title\" >\n\t\t\t\t<span class=\"eltdf-bli-title-inner\"><a itemprop=\"url\" href=\"https:\/\/knowhaus.es\/ca\/2017\/06\/07\/interiores-148-casas-alegria-deseos-cumplidos\/\" title=\"Interiores 148. Cases amb alegria\">Interiores 148. Cases amb alegria<\/a><\/span>\n\t\t\t<\/h4>\n\t\t\t\n\t\t\t\t\t\t\t<div class=\"eltdf-bli-excerpt-holder\"><p itemprop=\"description\" class=\"eltdf-bli-excerpt\">Desitjos Realitzats. L&#8217;arquitecte Santiago Parram\u00f3n i Knowhaus Home Project Management van aixecar una casa unifamiliar de nova construcci\u00f3, amb tot luxe de detalls i amb interiors plens de peces inspirades en grans ciutats del m\u00f3n. (&#8230;)<\/p><\/div>\n\t\t\t\n\t\t\t\n\t\t\t\t\t<\/div>\n\t<\/div>\t\n<\/li><li class=\"eltdf-bli clearfix\">\n\t<div class=\"eltdf-bli-inner\">\n\t\t\t\t\t<div class=\"eltdf-bli-image\">\n\t\t\t\t<a itemprop=\"url\" href=\"https:\/\/knowhaus.es\/ca\/2017\/06\/28\/inauguracio-showroom\/\">\n\t\t\t\t\t<img width=\"800\" height=\"600\" src=\"https:\/\/knowhaus.es\/wp-content\/uploads\/2017\/06\/showroom-entrada-800x600.jpg\" class=\"attachment-ambient_elated_landscape size-ambient_elated_landscape wp-post-image\" alt=\"\" decoding=\"async\" \/>\t\t\t\t\t<div class=\"eltdf-bli-overlay\"><\/div>\n\t\t\t\t<\/a>\n\t\t\t<\/div>\n\t\t\t\t<div class=\"eltdf-item-text-holder\" >\n\t\t\t\t\t\t\n\t\t\t<h4 itemprop=\"name\" class=\"eltdf-bli-title entry-title\" >\n\t\t\t\t<span class=\"eltdf-bli-title-inner\"><a itemprop=\"url\" href=\"https:\/\/knowhaus.es\/ca\/2017\/06\/28\/inauguracio-showroom\/\" title=\"Inauguraci\u00f3 del Showroom Knowhaus\">Inauguraci\u00f3 del Showroom Knowhaus<\/a><\/span>\n\t\t\t<\/h4>\n\t\t\t\n\t\t\t\t\t\t\t<div class=\"eltdf-bli-excerpt-holder\"><p itemprop=\"description\" class=\"eltdf-bli-excerpt\"><\/p><\/div>\n\t\t\t\n\t\t\t\n\t\t\t\t\t<\/div>\n\t<\/div>\t\n<\/li><li class=\"eltdf-bli clearfix\">\n\t<div class=\"eltdf-bli-inner\">\n\t\t\t\t\t<div class=\"eltdf-bli-image\">\n\t\t\t\t<a itemprop=\"url\" href=\"https:\/\/knowhaus.es\/ca\/2017\/06\/14\/exteriores-no-47-jardines-tres-dimensiones\/\">\n\t\t\t\t\t<img width=\"620\" height=\"300\" src=\"https:\/\/knowhaus.es\/wp-content\/uploads\/2017\/06\/exteriores47.jpeg\" class=\"attachment-ambient_elated_landscape size-ambient_elated_landscape wp-post-image\" alt=\"\" decoding=\"async\" srcset=\"https:\/\/knowhaus.es\/wp-content\/uploads\/2017\/06\/exteriores47.jpeg 620w, https:\/\/knowhaus.es\/wp-content\/uploads\/2017\/06\/exteriores47-300x145.jpeg 300w\" sizes=\"(max-width: 620px) 100vw, 620px\" \/>\t\t\t\t\t<div class=\"eltdf-bli-overlay\"><\/div>\n\t\t\t\t<\/a>\n\t\t\t<\/div>\n\t\t\t\t<div class=\"eltdf-item-text-holder\" >\n\t\t\t\t\t\t\n\t\t\t<h4 itemprop=\"name\" class=\"eltdf-bli-title entry-title\" >\n\t\t\t\t<span class=\"eltdf-bli-title-inner\"><a itemprop=\"url\" href=\"https:\/\/knowhaus.es\/ca\/2017\/06\/14\/exteriores-no-47-jardines-tres-dimensiones\/\" title=\"Exteriores. N\u00ba 47 \u2013 Jardins en tres dimensions\">Exteriores. N\u00ba 47 \u2013 Jardins en tres dimensions<\/a><\/span>\n\t\t\t<\/h4>\n\t\t\t\n\t\t\t\t\t\t\t<div class=\"eltdf-bli-excerpt-holder\"><p itemprop=\"description\" class=\"eltdf-bli-excerpt\">&#8220;Aquest habitatge unifamiliar, situat molt a prop de la ciutat, gaudeix d&#8217;un jard\u00ed exterior que acompanya la contundent arquitectura de la casa. Es tracta d&#8217;un projecte que reuneix els trets caracter\u00edstics d&#8217;un espai exterior convencional per\u00f2 la fina execuci\u00f3 i disseny depurat brinden una lli\u00e7\u00f3 [&hellip;]<\/p><\/div>\n\t\t\t\n\t\t\t\n\t\t\t\t\t<\/div>\n\t<\/div>\t\n<\/li><li class=\"eltdf-bli clearfix\">\n\t<div class=\"eltdf-bli-inner\">\n\t\t\t\t\t<div class=\"eltdf-bli-image\">\n\t\t\t\t<a itemprop=\"url\" href=\"https:\/\/knowhaus.es\/ca\/2017\/06\/14\/exteriores-junio-2011-chill-out-porche\/\">\n\t\t\t\t\t<img width=\"620\" height=\"300\" src=\"https:\/\/knowhaus.es\/wp-content\/uploads\/2017\/06\/exteriores_junio2011.jpeg\" class=\"attachment-ambient_elated_landscape size-ambient_elated_landscape wp-post-image\" alt=\"\" decoding=\"async\" srcset=\"https:\/\/knowhaus.es\/wp-content\/uploads\/2017\/06\/exteriores_junio2011.jpeg 620w, https:\/\/knowhaus.es\/wp-content\/uploads\/2017\/06\/exteriores_junio2011-300x145.jpeg 300w\" sizes=\"(max-width: 620px) 100vw, 620px\" \/>\t\t\t\t\t<div class=\"eltdf-bli-overlay\"><\/div>\n\t\t\t\t<\/a>\n\t\t\t<\/div>\n\t\t\t\t<div class=\"eltdf-item-text-holder\" >\n\t\t\t\t\t\t\n\t\t\t<h4 itemprop=\"name\" class=\"eltdf-bli-title entry-title\" >\n\t\t\t\t<span class=\"eltdf-bli-title-inner\"><a itemprop=\"url\" href=\"https:\/\/knowhaus.es\/ca\/2017\/06\/14\/exteriores-junio-2011-chill-out-porche\/\" title=\"Exteriores \u2013 Juny 2011 \u2013 Un chill out al porxo\">Exteriores \u2013 Juny 2011 \u2013 Un chill out al porxo<\/a><\/span>\n\t\t\t<\/h4>\n\t\t\t\n\t\t\t\t\t\t\t<div class=\"eltdf-bli-excerpt-holder\"><p itemprop=\"description\" class=\"eltdf-bli-excerpt\">&#8220;Prop del Parad\u00eds. El jard\u00ed acompanya la potent arquitectura de l&#8217;habitatge amb una piscina i un chill out que es converteixen en els dos eixos d&#8217;inter\u00e8s de l&#8217;espai. A la planta superior es disposa d&#8217;una terrassa que pertany a la suite principal i que ha [&hellip;]<\/p><\/div>\n\t\t\t\n\t\t\t\n\t\t\t\t\t<\/div>\n\t<\/div>\t\n<\/li><li class=\"eltdf-bli clearfix\">\n\t<div class=\"eltdf-bli-inner\">\n\t\t\t\t\t<div class=\"eltdf-bli-image\">\n\t\t\t\t<a itemprop=\"url\" href=\"https:\/\/knowhaus.es\/ca\/2017\/09\/21\/mueble-no-661-apartamento-verano-mas-estiloso\/\">\n\t\t\t\t\t<img width=\"620\" height=\"300\" src=\"https:\/\/knowhaus.es\/wp-content\/uploads\/2017\/09\/elmueble661.jpg\" class=\"attachment-ambient_elated_landscape size-ambient_elated_landscape wp-post-image\" alt=\"\" decoding=\"async\" srcset=\"https:\/\/knowhaus.es\/wp-content\/uploads\/2017\/09\/elmueble661.jpg 620w, https:\/\/knowhaus.es\/wp-content\/uploads\/2017\/09\/elmueble661-300x145.jpg 300w\" sizes=\"(max-width: 620px) 100vw, 620px\" \/>\t\t\t\t\t<div class=\"eltdf-bli-overlay\"><\/div>\n\t\t\t\t<\/a>\n\t\t\t<\/div>\n\t\t\t\t<div class=\"eltdf-item-text-holder\" >\n\t\t\t\t\t\t\n\t\t\t<h4 itemprop=\"name\" class=\"eltdf-bli-title entry-title\" >\n\t\t\t\t<span class=\"eltdf-bli-title-inner\"><a itemprop=\"url\" href=\"https:\/\/knowhaus.es\/ca\/2017\/09\/21\/mueble-no-661-apartamento-verano-mas-estiloso\/\" title=\"El Mueble. N\u00ba 661. La teva apartament d&#8217;estiu m\u00e9s elegant\">El Mueble. N\u00ba 661. La teva apartament d&#8217;estiu m\u00e9s elegant<\/a><\/span>\n\t\t\t<\/h4>\n\t\t\t\n\t\t\t\t\t\t\t<div class=\"eltdf-bli-excerpt-holder\"><p itemprop=\"description\" class=\"eltdf-bli-excerpt\">&#8220;Per fi ens anem uns dies a la platja! Ens hem proposat convertir aquest apartament en un refugi de vacances inoblidable. Ganes de descansar. Despr\u00e9s de tot un any de treball, Ens ve molt de gust descansar. Que ganes de sol i relax! Ens hem [&hellip;]<\/p><\/div>\n\t\t\t\n\t\t\t\n\t\t\t\t\t<\/div>\n\t<\/div>\t\n<\/li><li class=\"eltdf-bli clearfix\">\n\t<div class=\"eltdf-bli-inner\">\n\t\t\t\t\t<div class=\"eltdf-bli-image\">\n\t\t\t\t<a itemprop=\"url\" href=\"https:\/\/knowhaus.es\/ca\/2017\/06\/14\/cocinas-banos-no-127-cocinas-ahorran-energia\/\">\n\t\t\t\t\t<img width=\"620\" height=\"300\" src=\"https:\/\/knowhaus.es\/wp-content\/uploads\/2017\/06\/cocinasyba\u00f1os127.jpeg\" class=\"attachment-ambient_elated_landscape size-ambient_elated_landscape wp-post-image\" alt=\"\" decoding=\"async\" srcset=\"https:\/\/knowhaus.es\/wp-content\/uploads\/2017\/06\/cocinasyba\u00f1os127.jpeg 620w, https:\/\/knowhaus.es\/wp-content\/uploads\/2017\/06\/cocinasyba\u00f1os127-300x145.jpeg 300w\" sizes=\"(max-width: 620px) 100vw, 620px\" \/>\t\t\t\t\t<div class=\"eltdf-bli-overlay\"><\/div>\n\t\t\t\t<\/a>\n\t\t\t<\/div>\n\t\t\t\t<div class=\"eltdf-item-text-holder\" >\n\t\t\t\t\t\t\n\t\t\t<h4 itemprop=\"name\" class=\"eltdf-bli-title entry-title\" >\n\t\t\t\t<span class=\"eltdf-bli-title-inner\"><a itemprop=\"url\" href=\"https:\/\/knowhaus.es\/ca\/2017\/06\/14\/cocinas-banos-no-127-cocinas-ahorran-energia\/\" title=\"Cocinas y Ba\u00f1os. N\u00ba 127. Cuines que estalvien energia\">Cocinas y Ba\u00f1os. N\u00ba 127. Cuines que estalvien energia<\/a><\/span>\n\t\t\t<\/h4>\n\t\t\t\n\t\t\t\t\t\t\t<div class=\"eltdf-bli-excerpt-holder\"><p itemprop=\"description\" class=\"eltdf-bli-excerpt\">&#8220;Cuines que estalvien energia. Campanes, forns i plaques de cocci\u00f3 s\u00f3n les m\u00e9s utilitzades de la cuina, per aix\u00f2 \u00e9s important equipar aquesta \u00e0rea d&#8217;electrodom\u00e8stics de baix consum i fer-ne un \u00fas intel\u00b7ligent (&#8230;) &#8220;<\/p><\/div>\n\t\t\t\n\t\t\t\n\t\t\t\t\t<\/div>\n\t<\/div>\t\n<\/li><li class=\"eltdf-bli clearfix\">\n\t<div class=\"eltdf-bli-inner\">\n\t\t\t\t\t<div class=\"eltdf-bli-image\">\n\t\t\t\t<a itemprop=\"url\" href=\"https:\/\/knowhaus.es\/ca\/2017\/06\/14\/cocinas-banos-no-108-especial-cocinas\/\">\n\t\t\t\t\t<img width=\"620\" height=\"300\" src=\"https:\/\/knowhaus.es\/wp-content\/uploads\/2017\/06\/cocinasyba\u00f1os108.jpeg\" class=\"attachment-ambient_elated_landscape size-ambient_elated_landscape wp-post-image\" alt=\"\" decoding=\"async\" srcset=\"https:\/\/knowhaus.es\/wp-content\/uploads\/2017\/06\/cocinasyba\u00f1os108.jpeg 620w, https:\/\/knowhaus.es\/wp-content\/uploads\/2017\/06\/cocinasyba\u00f1os108-300x145.jpeg 300w\" sizes=\"(max-width: 620px) 100vw, 620px\" \/>\t\t\t\t\t<div class=\"eltdf-bli-overlay\"><\/div>\n\t\t\t\t<\/a>\n\t\t\t<\/div>\n\t\t\t\t<div class=\"eltdf-item-text-holder\" >\n\t\t\t\t\t\t\n\t\t\t<h4 itemprop=\"name\" class=\"eltdf-bli-title entry-title\" >\n\t\t\t\t<span class=\"eltdf-bli-title-inner\"><a itemprop=\"url\" href=\"https:\/\/knowhaus.es\/ca\/2017\/06\/14\/cocinas-banos-no-108-especial-cocinas\/\" title=\"Cocinas y Ba\u00f1os. N\u00ba 108. Especial cuines\">Cocinas y Ba\u00f1os. N\u00ba 108. Especial cuines<\/a><\/span>\n\t\t\t<\/h4>\n\t\t\t\n\t\t\t\t\t\t\t<div class=\"eltdf-bli-excerpt-holder\"><p itemprop=\"description\" class=\"eltdf-bli-excerpt\">&#8220;Pr\u00e0ctica i amb encant. Gemma \u00e9s una apassionada dels viatges i en cada anar i venir, la seva maleta s&#8217;omple d&#8217;idees que, un cop a casa, cobren vida i inunda el seu espai. La seva cuina s&#8217;inspira en el t\u00edpic bistrot nord-americ\u00e0. &#8220;(&#8230;)&#8221; En els [&hellip;]<\/p><\/div>\n\t\t\t\n\t\t\t\n\t\t\t\t\t<\/div>\n\t<\/div>\t\n<\/li>\t<\/ul>\n\t\t<\/div>[\/vc_column][\/vc_row]<\/p>\n","protected":false},"excerpt":{"rendered":"<p>[vc_row][vc_column][\/vc_column][\/vc_row]<\/p>\n","protected":false},"author":2,"featured_media":0,"parent":0,"menu_order":0,"comment_status":"closed","ping_status":"closed","template":"","meta":{"footnotes":""},"yoast_head":"<!-- This site is optimized with the Yoast SEO plugin v22.4 - https:\/\/yoast.com\/wordpress\/plugins\/seo\/ -->\n<title>Knowhaus als mitjans &#8211; KNOWHAUS<\/title>\n<meta name=\"description\" content=\"Somos un equipo especializado en arquitectura, rehabilitaci\u00f3n e interiorismo. Planificamos tu proyecto de forma ejecutiva, clara y un cumpliento del plazo de ejecuci\u00f3n.\" \/>\n<meta name=\"robots\" content=\"index, follow, max-snippet:-1, max-image-preview:large, max-video-preview:-1\" \/>\n<link rel=\"canonical\" href=\"https:\/\/knowhaus.es\/ca\/mitjans\/\" \/>\n<meta property=\"og:locale\" content=\"ca_ES\" \/>\n<meta property=\"og:type\" content=\"article\" \/>\n<meta property=\"og:title\" content=\"Knowhaus als mitjans &#8211; KNOWHAUS\" \/>\n<meta property=\"og:description\" content=\"Somos un equipo especializado en arquitectura, rehabilitaci\u00f3n e interiorismo. Planificamos tu proyecto de forma ejecutiva, clara y un cumpliento del plazo de ejecuci\u00f3n.\" \/>\n<meta property=\"og:url\" content=\"https:\/\/knowhaus.es\/ca\/mitjans\/\" \/>\n<meta property=\"og:site_name\" content=\"KNOWHAUS\" \/>\n<meta property=\"article:publisher\" content=\"https:\/\/www.facebook.com\/knowhaus\/\" \/>\n<meta property=\"article:modified_time\" content=\"2017-12-19T10:42:49+00:00\" \/>\n<meta name=\"twitter:card\" content=\"summary_large_image\" \/>\n<script type=\"application\/ld+json\" class=\"yoast-schema-graph\">{\"@context\":\"https:\/\/schema.org\",\"@graph\":[{\"@type\":\"WebPage\",\"@id\":\"https:\/\/knowhaus.es\/ca\/mitjans\/\",\"url\":\"https:\/\/knowhaus.es\/ca\/mitjans\/\",\"name\":\"Knowhaus als mitjans &#8211; KNOWHAUS\",\"isPartOf\":{\"@id\":\"https:\/\/knowhaus.es\/#website\"},\"datePublished\":\"2017-06-14T09:44:16+00:00\",\"dateModified\":\"2017-12-19T10:42:49+00:00\",\"description\":\"Somos un equipo especializado en arquitectura, rehabilitaci\u00f3n e interiorismo. Planificamos tu proyecto de forma ejecutiva, clara y un cumpliento del plazo de ejecuci\u00f3n.\",\"breadcrumb\":{\"@id\":\"https:\/\/knowhaus.es\/ca\/mitjans\/#breadcrumb\"},\"inLanguage\":\"ca\",\"potentialAction\":[{\"@type\":\"ReadAction\",\"target\":[\"https:\/\/knowhaus.es\/ca\/mitjans\/\"]}]},{\"@type\":\"BreadcrumbList\",\"@id\":\"https:\/\/knowhaus.es\/ca\/mitjans\/#breadcrumb\",\"itemListElement\":[{\"@type\":\"ListItem\",\"position\":1,\"name\":\"Portada\",\"item\":\"https:\/\/knowhaus.es\/ca\/\"},{\"@type\":\"ListItem\",\"position\":2,\"name\":\"Knowhaus als mitjans\"}]},{\"@type\":\"WebSite\",\"@id\":\"https:\/\/knowhaus.es\/#website\",\"url\":\"https:\/\/knowhaus.es\/\",\"name\":\"KNOWHAUS\",\"description\":\"ARCHITECTURE &amp; INTERIOR STUDIO BARCELONA\",\"publisher\":{\"@id\":\"https:\/\/knowhaus.es\/#organization\"},\"potentialAction\":[{\"@type\":\"SearchAction\",\"target\":{\"@type\":\"EntryPoint\",\"urlTemplate\":\"https:\/\/knowhaus.es\/?s={search_term_string}\"},\"query-input\":\"required name=search_term_string\"}],\"inLanguage\":\"ca\"},{\"@type\":\"Organization\",\"@id\":\"https:\/\/knowhaus.es\/#organization\",\"name\":\"KNOWHAUS - DISE\u00d1O, EXPERIENCIA Y CALIDAD\",\"url\":\"https:\/\/knowhaus.es\/\",\"logo\":{\"@type\":\"ImageObject\",\"inLanguage\":\"ca\",\"@id\":\"https:\/\/knowhaus.es\/#\/schema\/logo\/image\/\",\"url\":\"https:\/\/knowhaus.es\/wp-content\/uploads\/2017\/07\/logo_ok.png\",\"contentUrl\":\"https:\/\/knowhaus.es\/wp-content\/uploads\/2017\/07\/logo_ok.png\",\"width\":435,\"height\":128,\"caption\":\"KNOWHAUS - DISE\u00d1O, EXPERIENCIA Y CALIDAD\"},\"image\":{\"@id\":\"https:\/\/knowhaus.es\/#\/schema\/logo\/image\/\"},\"sameAs\":[\"https:\/\/www.facebook.com\/knowhaus\/\",\"https:\/\/www.instagram.com\/knowhaus\/\",\"https:\/\/www.pinterest.es\/Knowhaus\/\",\"https:\/\/www.youtube.com\/channel\/UCcV85kRslSS--Q41INqRvzQ\"]}]}<\/script>\n<!-- \/ Yoast SEO plugin. -->","yoast_head_json":{"title":"Knowhaus als mitjans &#8211; KNOWHAUS","description":"Somos un equipo especializado en arquitectura, rehabilitaci\u00f3n e interiorismo. Planificamos tu proyecto de forma ejecutiva, clara y un cumpliento del plazo de ejecuci\u00f3n.","robots":{"index":"index","follow":"follow","max-snippet":"max-snippet:-1","max-image-preview":"max-image-preview:large","max-video-preview":"max-video-preview:-1"},"canonical":"https:\/\/knowhaus.es\/ca\/mitjans\/","og_locale":"ca_ES","og_type":"article","og_title":"Knowhaus als mitjans &#8211; KNOWHAUS","og_description":"Somos un equipo especializado en arquitectura, rehabilitaci\u00f3n e interiorismo. Planificamos tu proyecto de forma ejecutiva, clara y un cumpliento del plazo de ejecuci\u00f3n.","og_url":"https:\/\/knowhaus.es\/ca\/mitjans\/","og_site_name":"KNOWHAUS","article_publisher":"https:\/\/www.facebook.com\/knowhaus\/","article_modified_time":"2017-12-19T10:42:49+00:00","twitter_card":"summary_large_image","schema":{"@context":"https:\/\/schema.org","@graph":[{"@type":"WebPage","@id":"https:\/\/knowhaus.es\/ca\/mitjans\/","url":"https:\/\/knowhaus.es\/ca\/mitjans\/","name":"Knowhaus als mitjans &#8211; KNOWHAUS","isPartOf":{"@id":"https:\/\/knowhaus.es\/#website"},"datePublished":"2017-06-14T09:44:16+00:00","dateModified":"2017-12-19T10:42:49+00:00","description":"Somos un equipo especializado en arquitectura, rehabilitaci\u00f3n e interiorismo. Planificamos tu proyecto de forma ejecutiva, clara y un cumpliento del plazo de ejecuci\u00f3n.","breadcrumb":{"@id":"https:\/\/knowhaus.es\/ca\/mitjans\/#breadcrumb"},"inLanguage":"ca","potentialAction":[{"@type":"ReadAction","target":["https:\/\/knowhaus.es\/ca\/mitjans\/"]}]},{"@type":"BreadcrumbList","@id":"https:\/\/knowhaus.es\/ca\/mitjans\/#breadcrumb","itemListElement":[{"@type":"ListItem","position":1,"name":"Portada","item":"https:\/\/knowhaus.es\/ca\/"},{"@type":"ListItem","position":2,"name":"Knowhaus als mitjans"}]},{"@type":"WebSite","@id":"https:\/\/knowhaus.es\/#website","url":"https:\/\/knowhaus.es\/","name":"KNOWHAUS","description":"ARCHITECTURE &amp; INTERIOR STUDIO BARCELONA","publisher":{"@id":"https:\/\/knowhaus.es\/#organization"},"potentialAction":[{"@type":"SearchAction","target":{"@type":"EntryPoint","urlTemplate":"https:\/\/knowhaus.es\/?s={search_term_string}"},"query-input":"required name=search_term_string"}],"inLanguage":"ca"},{"@type":"Organization","@id":"https:\/\/knowhaus.es\/#organization","name":"KNOWHAUS - DISE\u00d1O, EXPERIENCIA Y CALIDAD","url":"https:\/\/knowhaus.es\/","logo":{"@type":"ImageObject","inLanguage":"ca","@id":"https:\/\/knowhaus.es\/#\/schema\/logo\/image\/","url":"https:\/\/knowhaus.es\/wp-content\/uploads\/2017\/07\/logo_ok.png","contentUrl":"https:\/\/knowhaus.es\/wp-content\/uploads\/2017\/07\/logo_ok.png","width":435,"height":128,"caption":"KNOWHAUS - DISE\u00d1O, EXPERIENCIA Y CALIDAD"},"image":{"@id":"https:\/\/knowhaus.es\/#\/schema\/logo\/image\/"},"sameAs":["https:\/\/www.facebook.com\/knowhaus\/","https:\/\/www.instagram.com\/knowhaus\/","https:\/\/www.pinterest.es\/Knowhaus\/","https:\/\/www.youtube.com\/channel\/UCcV85kRslSS--Q41INqRvzQ"]}]}},"_links":{"self":[{"href":"https:\/\/knowhaus.es\/ca\/wp-json\/wp\/v2\/pages\/11924"}],"collection":[{"href":"https:\/\/knowhaus.es\/ca\/wp-json\/wp\/v2\/pages"}],"about":[{"href":"https:\/\/knowhaus.es\/ca\/wp-json\/wp\/v2\/types\/page"}],"author":[{"embeddable":true,"href":"https:\/\/knowhaus.es\/ca\/wp-json\/wp\/v2\/users\/2"}],"replies":[{"embeddable":true,"href":"https:\/\/knowhaus.es\/ca\/wp-json\/wp\/v2\/comments?post=11924"}],"version-history":[{"count":1,"href":"https:\/\/knowhaus.es\/ca\/wp-json\/wp\/v2\/pages\/11924\/revisions"}],"predecessor-version":[{"id":11925,"href":"https:\/\/knowhaus.es\/ca\/wp-json\/wp\/v2\/pages\/11924\/revisions\/11925"}],"wp:attachment":[{"href":"https:\/\/knowhaus.es\/ca\/wp-json\/wp\/v2\/media?parent=11924"}],"curies":[{"name":"wp","href":"https:\/\/api.w.org\/{rel}","templated":true}]}}