{"id":11914,"date":"2017-07-10T14:56:08","date_gmt":"2017-07-10T14:56:08","guid":{"rendered":"http:\/\/knowhaus.es\/servicio-global\/"},"modified":"2017-12-19T10:58:28","modified_gmt":"2017-12-19T10:58:28","slug":"servei-global","status":"publish","type":"page","link":"https:\/\/knowhaus.es\/ca\/servei-global\/","title":{"rendered":"Un Servei Global"},"content":{"rendered":"<p>[vc_row row_type=&#8221;parallax&#8221; full_screen_section_height=&#8221;no&#8221; css=&#8221;.vc_custom_1499942327011{padding-top: 82px !important;padding-bottom: 94px !important;background-color: #f7f5f5 !important;background-position: center !important;background-repeat: no-repeat !important;background-size: cover !important;}&#8221; el_id=&#8221;todo&#8221; parallax_background_image=&#8221;9384&#8243;][vc_column][vc_row_inner row_content_width=&#8221;grid&#8221;][vc_column_inner][vc_column_text css_animation=&#8221;bounceInLeft&#8221;]<\/p>\n<h1 style=\"text-align: center;\"><span style=\"color: #ffffff;\">HOME PROJECT MANAGEMENT<\/span><\/h1>\n<p>[\/vc_column_text][vc_single_image image=&#8221;12151&#8243; img_size=&#8221;large&#8221; alignment=&#8221;center&#8221; css_animation=&#8221;fadeInRight&#8221;][\/vc_column_inner][\/vc_row_inner][\/vc_column][\/vc_row][vc_row css=&#8221;.vc_custom_1499941086950{padding-top: 82px !important;padding-bottom: 94px !important;background-position: center !important;background-repeat: no-repeat !important;background-size: cover !important;}&#8221;][vc_column][vc_row_inner row_content_width=&#8221;grid&#8221;][vc_column_inner width=&#8221;1\/2&#8243; offset=&#8221;vc_col-lg-6 vc_col-md-6&#8243;][vc_column_text css_animation=&#8221;fadeInLeft&#8221;]<\/p>\n<h2><span style=\"color: #808285;\">Despreocupa&#8217;t i gaudeix.<\/span><\/h2>\n<p>[\/vc_column_text][\/vc_column_inner][vc_column_inner width=&#8221;1\/2&#8243;][vc_column_text css_animation=&#8221;fadeInRight&#8221;]<strong>Que la teva major il\u00b7lusi\u00f3 no es converteixi en el teu pitjor malson.<\/strong> Amb Knowhaus la teva vida professional i personal es veur\u00e0 alliberada d&#8217;una tasca de gran magnitud que implica molt de temps, gran implicaci\u00f3 i, en algunes ocasions, profund malestar. Gestionem tot el projecte d&#8217;obra nova o rehabilitaci\u00f3 i redisseny del teu habitatge sense que t&#8217;hagis de preocupar de cap tr\u00e0mit ni coordinaci\u00f3 entre professionals o tasques fins ara desenvolupades pel propietari.[\/vc_column_text][\/vc_column_inner][\/vc_row_inner][\/vc_column][\/vc_row][vc_row css=&#8221;.vc_custom_1505899951201{padding-top: 82px !important;padding-bottom: 94px !important;background-color: #f2f2f2 !important;background-position: center !important;background-repeat: no-repeat !important;background-size: cover !important;}&#8221;][vc_column][vc_single_image image=&#8221;12174&#8243; img_size=&#8221;large&#8221; alignment=&#8221;center&#8221; css_animation=&#8221;fadeInRight&#8221;][vc_empty_space height=&#8221;32&#8243;][vc_row_inner row_content_width=&#8221;grid&#8221;][vc_column_inner width=&#8221;1\/2&#8243; offset=&#8221;vc_col-lg-6 vc_col-md-6&#8243;][vc_column_text css_animation=&#8221;fadeInLeft&#8221;]<\/p>\n<h2><span style=\"color: #808285;\">Ens ocupem de tot, absolutament tot.<\/span><\/h2>\n<p>[\/vc_column_text][\/vc_column_inner][vc_column_inner width=&#8221;1\/2&#8243;][vc_column_text css_animation=&#8221;fadeInRight&#8221;]Urbanisme, arquitectura, construcci\u00f3, gesti\u00f3 d&#8217;industrials (fontaneria, fusteria, tancaments, climatitzaci\u00f3, seguretat, dom\u00f2tica, estudi energ\u00e8tic &#8230;), contractaci\u00f3 de subministraments provisionals i definitius, direcci\u00f3 i visites d&#8217;obra, selecci\u00f3 de materials, modificacions del projecte si hi ha imprevistos , interiorisme, exteriorisme i selecci\u00f3-compra d&#8217;accessoris de bany, elements de cuina, roba de casa, estilisme final &#8230; <strong>Nom\u00e9s dedica&#8217;t a gaudir de la realitzaci\u00f3 del teu somni &#8230;<\/strong>[\/vc_column_text][\/vc_column_inner][\/vc_row_inner][\/vc_column][\/vc_row][vc_row row_type=&#8221;parallax&#8221; full_screen_section_height=&#8221;no&#8221; css=&#8221;.vc_custom_1511437615313{padding-top: 82px !important;padding-bottom: 94px !important;background-position: center !important;background-repeat: no-repeat !important;background-size: contain !important;}&#8221; parallax_background_image=&#8221;12198&#8243; parallax_section_height=&#8221;300&#8243;][vc_column offset=&#8221;vc_hidden-sm vc_hidden-xs&#8221;][\/vc_column][\/vc_row][vc_row css=&#8221;.vc_custom_1505899894645{padding-top: 82px !important;padding-bottom: 94px !important;}&#8221; anchor=&#8221;como&#8221;][vc_column][vc_row_inner row_content_width=&#8221;grid&#8221;][vc_column_inner width=&#8221;1\/2&#8243; offset=&#8221;vc_col-lg-6 vc_col-md-6&#8243;][vc_column_text css_animation=&#8221;fadeInLeft&#8221;]<\/p>\n<h2><span style=\"color: #808285;\">Com ho fem?<\/span><\/h2>\n<p>[\/vc_column_text][vc_column_text css_animation=&#8221;fadeInLeft&#8221;]<\/p>\n<h3><span style=\"color: #808285;\">Comencem on ens necessitis.<\/span><\/h3>\n<p>[\/vc_column_text][vc_column_text css_animation=&#8221;fadeInLeft&#8221;]Des de la mateixa recerca de solar, habitatge, pis o resid\u00e8ncia de vacances i la seva viabilitat urban\u00edstica o selecci\u00f3 d&#8217;immoble, fins a la redistribuci\u00f3 de llars ja existents.[\/vc_column_text][vc_empty_space height=&#8221;32&#8243;][vc_column_text css_animation=&#8221;fadeInLeft&#8221;]<\/p>\n<h3><span style=\"color: #808285;\">Conceptuem la teva casa de dins cap a fora.<\/span><\/h3>\n<p>[\/vc_column_text][vc_column_text css_animation=&#8221;fadeInLeft&#8221;]Desenvolupem el projecte d&#8217;interiorisme detallat des de l&#8217;inici, perqu\u00e8 cap pilar o radiador molesti quan es vulgui col\u00b7locar un armari, prestatgeria &#8230; perqu\u00e8 ja s&#8217;haur\u00e0 previst des de l&#8217;inici i s&#8217;evita repetir pintats, moure endolls, llums &#8230; com passa habitualment quan es treballa amb equips de decoraci\u00f3 externs i amb intervencions posteriors al d&#8217;arquitectura, fins i tot quan l&#8217;obra ja est\u00e0 finalitzada. Amb Knowhaus la decoraci\u00f3 de la teva llar ja no representar\u00e0 &#8220;desfer part del que s&#8217;ha fet&#8221; com sol ser habitual.[\/vc_column_text][\/vc_column_inner][vc_column_inner width=&#8221;1\/2&#8243;][vc_column_text css_animation=&#8221;fadeInLeft&#8221;]<\/p>\n<h3><span style=\"color: #808285;\">Oferim un servei global.<\/span><\/h3>\n<p>[\/vc_column_text][vc_column_text css_animation=&#8221;fadeInLeft&#8221;]Complim el programa de necessitats del client aportant solucions que van m\u00e9s enll\u00e0 fins i tot del que s&#8217;esperava:[\/vc_column_text][vc_empty_space height=&#8221;32&#8243;][vc_toggle title=&#8221;1. Si ho requereix, busquem parcel\u00b7la o habitatge.&#8221; style=&#8221;simple&#8221; color=&#8221;orange&#8221; size=&#8221;lg&#8221; open=&#8221;true&#8221; css_animation=&#8221;fadeInRight&#8221; el_id=&#8221;1499933430275-b6a345c9-3888&#8243;]En cas que ho necessitis, t&#8217;ajudem en la recerca, selecci\u00f3, assessorament legal i urban\u00edstic, i en la decisi\u00f3 de compra de la parcel\u00b7la, finca, casa o resid\u00e8ncia plurifamiliar on vulguis desenvolupar el teu projecte d&#8217;habitatge.[\/vc_toggle][vc_toggle title=&#8221;2. Coordinem el projecte arquitect\u00f2nic&#8221; style=&#8221;simple&#8221; color=&#8221;orange&#8221; size=&#8221;lg&#8221; css_animation=&#8221;fadeInRight&#8221; el_id=&#8221;1499933430357-c16e02a6-71b2&#8243;]<strong>Gestionem tot el projecte<\/strong> d&#8217;obra nova o rehabilitaci\u00f3 i redisseny del teu habitatge sense que t\u2019hagis de preocupar de cap tr\u00e0mit ni coordinaci\u00f3 entre professionals o tasques fins ara desenvolupades pel propietari.[\/vc_toggle][vc_toggle title=&#8221;3. Desenvolupem el projecte decoratiu&#8221; style=&#8221;simple&#8221; color=&#8221;orange&#8221; size=&#8221;lg&#8221; css_animation=&#8221;fadeInRight&#8221; el_id=&#8221;1499933430438-ad8300ee-6cdc&#8221;]A Knowhaus triem i gestionem per a tu l&#8217;estilisme que millor s&#8217;adapta al teu projecte de llar amb <strong>una proposta integral Knowhaus o b\u00e9 un projecte integrador<\/strong>.[\/vc_toggle][vc_toggle title=&#8221;4. Visita, control executiu i de qualitat de l&#8217;obra&#8221; style=&#8221;simple&#8221; color=&#8221;orange&#8221; size=&#8221;lg&#8221; css_animation=&#8221;fadeInRight&#8221; el_id=&#8221;1499933430523-bb94335f-2884&#8243;]Sense que hagis de preocupar-te de coordinar-los a tots ni omplir-te de reunions ni visites d&#8217;obra de diferents estudis. Amb Knowhaus la teva vida professional i personal es veur\u00e0 alliberada d&#8217;una tasca de gran magnitud que exigeix \u200b\u200bmolt de temps, gran implicaci\u00f3 i, en algunes ocasions, profund malestar. <strong>A Knowhaus fem que la teva major il\u00b7lusi\u00f3 no es converteixi en el seu pitjor malson.<\/strong>[\/vc_toggle][vc_toggle title=&#8221;5. Seleccionem i subministrem&#8221; style=&#8221;simple&#8221; color=&#8221;orange&#8221; size=&#8221;lg&#8221; css_animation=&#8221;fadeInRight&#8221; el_id=&#8221;1499933430607-6eab561e-53e5&#8243;]<strong>Perqu\u00e8 fer-te una casa implica moltes i tedioses tasques:<\/strong> Urbanisme, arquitectura, construcci\u00f3, gesti\u00f3 d&#8217;industrials (fontaneria, fusteria, tancaments, climatitzaci\u00f3, seguretat, dom\u00f2tica, estudi energ\u00e8tic &#8230;), contractaci\u00f3 de subministraments provisionals i definitius, direcci\u00f3 i visites d&#8217;obra, selecci\u00f3 de materials, modificacions de projecte si hi ha imprevistos, interiorisme, exteriorisme i selecci\u00f3-compra d&#8217;accessoris de bany, elements de cuina, roba de casa, estilisme final&#8230;[\/vc_toggle][vc_toggle title=&#8221;6. Aportem l\u2019estilisme i l&#8217;equipament complet&#8221; style=&#8221;simple&#8221; color=&#8221;orange&#8221; size=&#8221;lg&#8221; css_animation=&#8221;fadeInRight&#8221; el_id=&#8221;1499933430690-f64a0d9f-3359&#8243;]Perqu\u00e8 per Knowhaus cadasc\u00fa \u00e9s sublim en la seva especialitat, per\u00f2 a tots els dirigim sota les premisses de la nostra marca i estil: <strong>Bellesa, calidesa, practicitat i adaptaci\u00f3 de l&#8217;eleg\u00e0ncia a la vida quotidiana.<\/strong>[\/vc_toggle][vc_toggle title=&#8221;7. Benvingut a la teva llar&#8221; style=&#8221;simple&#8221; color=&#8221;orange&#8221; size=&#8221;lg&#8221; css_animation=&#8221;fadeInRight&#8221; el_id=&#8221;1505900305932-8b0e2f86-8bc6&#8243;]Preparem la teva nova llar per al teu complet \u00fas i gaudir des de la mateixa entrega. Ens ocupem de contractar subministraments, posada en marxa de climatitzaci\u00f3, llar de foc, piscina, seguretat, mudances, jardineria, col\u00b7locaci\u00f3 i planxat de roba de llar en llits, banys, vaixelles, estris de cuina a conjunt amb l&#8217;estil de la decoraci\u00f3, sabons i accessoris de banys, attrezzo i llibres en llibreries del sal\u00f3, penjadors en armaris &#8230; tot all\u00f2 que habitualment encara han de completar els qui no fan el seu habitatge amb Knowhaus. <strong>Nosaltres s\u00ed fem realitat el teu somni, al complet.<\/strong>[\/vc_toggle][\/vc_column_inner][\/vc_row_inner][\/vc_column][\/vc_row]<\/p>\n","protected":false},"excerpt":{"rendered":"<p>[vc_row row_type=&#8221;parallax&#8221; full_screen_section_height=&#8221;no&#8221; css=&#8221;.vc_custom_1499942327011{padding-top: 82px !important;padding-bottom: 94px !important;background-color: #f7f5f5 !important;background-position: center !important;background-repeat: no-repeat !important;background-size: cover !important;}&#8221; el_id=&#8221;todo&#8221; parallax_background_image=&#8221;9384&#8243;][vc_column][vc_row_inner row_content_width=&#8221;grid&#8221;][vc_column_inner][vc_column_text css_animation=&#8221;bounceInLeft&#8221;] HOME PROJECT MANAGEMENT [\/vc_column_text][vc_single_image image=&#8221;12151&#8243; img_size=&#8221;large&#8221; alignment=&#8221;center&#8221; css_animation=&#8221;fadeInRight&#8221;][\/vc_column_inner][\/vc_row_inner][\/vc_column][\/vc_row][vc_row css=&#8221;.vc_custom_1499941086950{padding-top: 82px !important;padding-bottom: 94px !important;background-position: center !important;background-repeat: no-repeat !important;background-size: cover !important;}&#8221;][vc_column][vc_row_inner row_content_width=&#8221;grid&#8221;][vc_column_inner width=&#8221;1\/2&#8243; offset=&#8221;vc_col-lg-6 vc_col-md-6&#8243;][vc_column_text css_animation=&#8221;fadeInLeft&#8221;] Despreocupa&#8217;t [&hellip;]<\/p>\n","protected":false},"author":2,"featured_media":0,"parent":0,"menu_order":0,"comment_status":"closed","ping_status":"closed","template":"full-width.php","meta":{"footnotes":""},"yoast_head":"<!-- This site is optimized with the Yoast SEO plugin v22.4 - https:\/\/yoast.com\/wordpress\/plugins\/seo\/ -->\n<title>Un Servei Global &#8211; KNOWHAUS<\/title>\n<meta name=\"description\" content=\"Somos un equipo especializado en arquitectura, rehabilitaci\u00f3n e interiorismo. Planificamos tu proyecto de forma ejecutiva, clara y un cumpliento del plazo de ejecuci\u00f3n.\" \/>\n<meta name=\"robots\" content=\"index, follow, max-snippet:-1, max-image-preview:large, max-video-preview:-1\" \/>\n<link rel=\"canonical\" href=\"https:\/\/knowhaus.es\/ca\/servei-global\/\" \/>\n<meta property=\"og:locale\" content=\"ca_ES\" \/>\n<meta property=\"og:type\" content=\"article\" \/>\n<meta property=\"og:title\" content=\"Un Servei Global &#8211; KNOWHAUS\" \/>\n<meta property=\"og:description\" content=\"Somos un equipo especializado en arquitectura, rehabilitaci\u00f3n e interiorismo. Planificamos tu proyecto de forma ejecutiva, clara y un cumpliento del plazo de ejecuci\u00f3n.\" \/>\n<meta property=\"og:url\" content=\"https:\/\/knowhaus.es\/ca\/servei-global\/\" \/>\n<meta property=\"og:site_name\" content=\"KNOWHAUS\" \/>\n<meta property=\"article:publisher\" content=\"https:\/\/www.facebook.com\/knowhaus\/\" \/>\n<meta property=\"article:modified_time\" content=\"2017-12-19T10:58:28+00:00\" \/>\n<meta name=\"twitter:card\" content=\"summary_large_image\" \/>\n<meta name=\"twitter:label1\" content=\"Temps estimat de lectura\" \/>\n\t<meta name=\"twitter:data1\" content=\"6 minuts\" \/>\n<script type=\"application\/ld+json\" class=\"yoast-schema-graph\">{\"@context\":\"https:\/\/schema.org\",\"@graph\":[{\"@type\":\"WebPage\",\"@id\":\"https:\/\/knowhaus.es\/ca\/servei-global\/\",\"url\":\"https:\/\/knowhaus.es\/ca\/servei-global\/\",\"name\":\"Un Servei Global &#8211; KNOWHAUS\",\"isPartOf\":{\"@id\":\"https:\/\/knowhaus.es\/#website\"},\"datePublished\":\"2017-07-10T14:56:08+00:00\",\"dateModified\":\"2017-12-19T10:58:28+00:00\",\"description\":\"Somos un equipo especializado en arquitectura, rehabilitaci\u00f3n e interiorismo. Planificamos tu proyecto de forma ejecutiva, clara y un cumpliento del plazo de ejecuci\u00f3n.\",\"breadcrumb\":{\"@id\":\"https:\/\/knowhaus.es\/ca\/servei-global\/#breadcrumb\"},\"inLanguage\":\"ca\",\"potentialAction\":[{\"@type\":\"ReadAction\",\"target\":[\"https:\/\/knowhaus.es\/ca\/servei-global\/\"]}]},{\"@type\":\"BreadcrumbList\",\"@id\":\"https:\/\/knowhaus.es\/ca\/servei-global\/#breadcrumb\",\"itemListElement\":[{\"@type\":\"ListItem\",\"position\":1,\"name\":\"Portada\",\"item\":\"https:\/\/knowhaus.es\/ca\/\"},{\"@type\":\"ListItem\",\"position\":2,\"name\":\"Un Servei Global\"}]},{\"@type\":\"WebSite\",\"@id\":\"https:\/\/knowhaus.es\/#website\",\"url\":\"https:\/\/knowhaus.es\/\",\"name\":\"KNOWHAUS\",\"description\":\"ARCHITECTURE &amp; INTERIOR STUDIO BARCELONA\",\"publisher\":{\"@id\":\"https:\/\/knowhaus.es\/#organization\"},\"potentialAction\":[{\"@type\":\"SearchAction\",\"target\":{\"@type\":\"EntryPoint\",\"urlTemplate\":\"https:\/\/knowhaus.es\/?s={search_term_string}\"},\"query-input\":\"required name=search_term_string\"}],\"inLanguage\":\"ca\"},{\"@type\":\"Organization\",\"@id\":\"https:\/\/knowhaus.es\/#organization\",\"name\":\"KNOWHAUS - DISE\u00d1O, EXPERIENCIA Y CALIDAD\",\"url\":\"https:\/\/knowhaus.es\/\",\"logo\":{\"@type\":\"ImageObject\",\"inLanguage\":\"ca\",\"@id\":\"https:\/\/knowhaus.es\/#\/schema\/logo\/image\/\",\"url\":\"https:\/\/knowhaus.es\/wp-content\/uploads\/2017\/07\/logo_ok.png\",\"contentUrl\":\"https:\/\/knowhaus.es\/wp-content\/uploads\/2017\/07\/logo_ok.png\",\"width\":435,\"height\":128,\"caption\":\"KNOWHAUS - DISE\u00d1O, EXPERIENCIA Y CALIDAD\"},\"image\":{\"@id\":\"https:\/\/knowhaus.es\/#\/schema\/logo\/image\/\"},\"sameAs\":[\"https:\/\/www.facebook.com\/knowhaus\/\",\"https:\/\/www.instagram.com\/knowhaus\/\",\"https:\/\/www.pinterest.es\/Knowhaus\/\",\"https:\/\/www.youtube.com\/channel\/UCcV85kRslSS--Q41INqRvzQ\"]}]}<\/script>\n<!-- \/ Yoast SEO plugin. -->","yoast_head_json":{"title":"Un Servei Global &#8211; KNOWHAUS","description":"Somos un equipo especializado en arquitectura, rehabilitaci\u00f3n e interiorismo. Planificamos tu proyecto de forma ejecutiva, clara y un cumpliento del plazo de ejecuci\u00f3n.","robots":{"index":"index","follow":"follow","max-snippet":"max-snippet:-1","max-image-preview":"max-image-preview:large","max-video-preview":"max-video-preview:-1"},"canonical":"https:\/\/knowhaus.es\/ca\/servei-global\/","og_locale":"ca_ES","og_type":"article","og_title":"Un Servei Global &#8211; KNOWHAUS","og_description":"Somos un equipo especializado en arquitectura, rehabilitaci\u00f3n e interiorismo. Planificamos tu proyecto de forma ejecutiva, clara y un cumpliento del plazo de ejecuci\u00f3n.","og_url":"https:\/\/knowhaus.es\/ca\/servei-global\/","og_site_name":"KNOWHAUS","article_publisher":"https:\/\/www.facebook.com\/knowhaus\/","article_modified_time":"2017-12-19T10:58:28+00:00","twitter_card":"summary_large_image","twitter_misc":{"Temps estimat de lectura":"6 minuts"},"schema":{"@context":"https:\/\/schema.org","@graph":[{"@type":"WebPage","@id":"https:\/\/knowhaus.es\/ca\/servei-global\/","url":"https:\/\/knowhaus.es\/ca\/servei-global\/","name":"Un Servei Global &#8211; KNOWHAUS","isPartOf":{"@id":"https:\/\/knowhaus.es\/#website"},"datePublished":"2017-07-10T14:56:08+00:00","dateModified":"2017-12-19T10:58:28+00:00","description":"Somos un equipo especializado en arquitectura, rehabilitaci\u00f3n e interiorismo. Planificamos tu proyecto de forma ejecutiva, clara y un cumpliento del plazo de ejecuci\u00f3n.","breadcrumb":{"@id":"https:\/\/knowhaus.es\/ca\/servei-global\/#breadcrumb"},"inLanguage":"ca","potentialAction":[{"@type":"ReadAction","target":["https:\/\/knowhaus.es\/ca\/servei-global\/"]}]},{"@type":"BreadcrumbList","@id":"https:\/\/knowhaus.es\/ca\/servei-global\/#breadcrumb","itemListElement":[{"@type":"ListItem","position":1,"name":"Portada","item":"https:\/\/knowhaus.es\/ca\/"},{"@type":"ListItem","position":2,"name":"Un Servei Global"}]},{"@type":"WebSite","@id":"https:\/\/knowhaus.es\/#website","url":"https:\/\/knowhaus.es\/","name":"KNOWHAUS","description":"ARCHITECTURE &amp; INTERIOR STUDIO BARCELONA","publisher":{"@id":"https:\/\/knowhaus.es\/#organization"},"potentialAction":[{"@type":"SearchAction","target":{"@type":"EntryPoint","urlTemplate":"https:\/\/knowhaus.es\/?s={search_term_string}"},"query-input":"required name=search_term_string"}],"inLanguage":"ca"},{"@type":"Organization","@id":"https:\/\/knowhaus.es\/#organization","name":"KNOWHAUS - DISE\u00d1O, EXPERIENCIA Y CALIDAD","url":"https:\/\/knowhaus.es\/","logo":{"@type":"ImageObject","inLanguage":"ca","@id":"https:\/\/knowhaus.es\/#\/schema\/logo\/image\/","url":"https:\/\/knowhaus.es\/wp-content\/uploads\/2017\/07\/logo_ok.png","contentUrl":"https:\/\/knowhaus.es\/wp-content\/uploads\/2017\/07\/logo_ok.png","width":435,"height":128,"caption":"KNOWHAUS - DISE\u00d1O, EXPERIENCIA Y CALIDAD"},"image":{"@id":"https:\/\/knowhaus.es\/#\/schema\/logo\/image\/"},"sameAs":["https:\/\/www.facebook.com\/knowhaus\/","https:\/\/www.instagram.com\/knowhaus\/","https:\/\/www.pinterest.es\/Knowhaus\/","https:\/\/www.youtube.com\/channel\/UCcV85kRslSS--Q41INqRvzQ"]}]}},"_links":{"self":[{"href":"https:\/\/knowhaus.es\/ca\/wp-json\/wp\/v2\/pages\/11914"}],"collection":[{"href":"https:\/\/knowhaus.es\/ca\/wp-json\/wp\/v2\/pages"}],"about":[{"href":"https:\/\/knowhaus.es\/ca\/wp-json\/wp\/v2\/types\/page"}],"author":[{"embeddable":true,"href":"https:\/\/knowhaus.es\/ca\/wp-json\/wp\/v2\/users\/2"}],"replies":[{"embeddable":true,"href":"https:\/\/knowhaus.es\/ca\/wp-json\/wp\/v2\/comments?post=11914"}],"version-history":[{"count":5,"href":"https:\/\/knowhaus.es\/ca\/wp-json\/wp\/v2\/pages\/11914\/revisions"}],"predecessor-version":[{"id":12209,"href":"https:\/\/knowhaus.es\/ca\/wp-json\/wp\/v2\/pages\/11914\/revisions\/12209"}],"wp:attachment":[{"href":"https:\/\/knowhaus.es\/ca\/wp-json\/wp\/v2\/media?parent=11914"}],"curies":[{"name":"wp","href":"https:\/\/api.w.org\/{rel}","templated":true}]}}