{"id":11904,"date":"2017-07-11T09:07:45","date_gmt":"2017-07-11T09:07:45","guid":{"rendered":"http:\/\/knowhaus.es\/arquitectura\/"},"modified":"2017-12-19T10:24:34","modified_gmt":"2017-12-19T10:24:34","slug":"arquitectura","status":"publish","type":"page","link":"https:\/\/knowhaus.es\/ca\/arquitectura\/","title":{"rendered":"Arquitectura"},"content":{"rendered":"<p>[vc_row row_type=&#8221;parallax&#8221; full_screen_section_height=&#8221;no&#8221; css=&#8221;.vc_custom_1500479407291{padding-top: 82px !important;padding-bottom: 94px !important;background-color: #f7f5f5 !important;background-position: center !important;background-repeat: no-repeat !important;background-size: cover !important;}&#8221; el_id=&#8221;todo&#8221; parallax_background_image=&#8221;11520&#8243;][vc_column][vc_row_inner row_content_width=&#8221;grid&#8221;][vc_column_inner width=&#8221;1\/2&#8243;][vc_column_text css_animation=&#8221;bounceInLeft&#8221;]<\/p>\n<h2><span style=\"color: #ffffff;\">Projectes d&#8217;arquitectura<\/span><\/h2>\n<p>[\/vc_column_text][\/vc_column_inner][vc_column_inner width=&#8221;1\/2&#8243; offset=&#8221;vc_col-lg-6 vc_col-md-6&#8243;][vc_column_text css_animation=&#8221;bounceInLeft&#8221;]<\/p>\n<h4><span style=\"color: #ffffff;\">DISSENY, EXPERI\u00c8NCIA I QUALITAT.<\/span><\/h4>\n<p>[\/vc_column_text][vc_column_text css_animation=&#8221;fadeInRight&#8221;]<span style=\"color: #ffffff;\">Si ja disposes d&#8217;un solar o habitatge, en Knowhaus realitzem el projecte d&#8217;arquitectura o rehabilitaci\u00f3. Amb una planificaci\u00f3 executiva ben definida, clara i un compliment del termini d&#8217;execuci\u00f3.<\/span>[\/vc_column_text][\/vc_column_inner][\/vc_row_inner][\/vc_column][\/vc_row][vc_row css=&#8221;.vc_custom_1499765787329{margin-top: 40px !important;margin-right: 40px !important;margin-bottom: 40px !important;margin-left: 40px !important;}&#8221;][vc_column][vc_column_text]<\/p>\n<p style=\"text-align: center;\">Aquests s\u00f3n alguns dels nostres projectes d&#8217;arquitectura:<\/p>\n<p>[\/vc_column_text][vc_empty_space height=&#8221;45&#8243;]<div class=\"eltdf-portfolio-list-holder eltdf-single-category eltdf-pl-gallery eltdf-pl-three-columns eltdf-pl-large-space eltdf-pl-info-on-image-hover eltdf-pl-hover-slide-from-image-bottom\"  data-next-page=\"2\" data-type=\"gallery\" data-number-of-columns=\"3\" data-space-between-items=\"large\" data-number-of-items=\"-1\" data-image-proportions=\"landscape\" data-category=\"arquitectura-ca\" data-order-by=\"name\" data-order=\"ASC\" data-info-position=\"on-image-hover\" data-image-hover-type1=\"slide-from-image-bottom\" data-disable-title=\"no\" data-title-tag=\"h4\" data-disable-category=\"yes\" data-disable-excerpt=\"yes\" data-excerpt-length=\"20\" data-enable-variable-width=\"no\" data-pagination=\"yes\" data-max-num-pages=\"0\"><div class=\"eltdf-pl-inner clearfix\"><div class=\"eltdf-pl-grid-sizer\"><\/div><div class=\"eltdf-pl-grid-gutter\"><\/div><article class=\"eltdf-pl-item  post-11987 portfolio-item type-portfolio-item status-publish has-post-thumbnail hentry portfolio-category-arquitectura-ca portfolio-category-singulares-ca portfolio-category-trabajando-ca portfolio_category_0 portfolio_category_377 portfolio_category_0 portfolio_category_379 portfolio_category_0 portfolio_category_380 portfolio_category_0\">\n\t<div class=\"eltdf-pl-item-inner\">\n\t\t<div class=\"eltdf-pli-image\">\n            \t\t\t\t\t\t\t<img width=\"800\" height=\"600\" src=\"https:\/\/knowhaus.es\/wp-content\/uploads\/2017\/06\/DIN_A3-Renders-Foam-lowres_P\u00e1gina_1-800x600.jpg\" class=\"attachment-ambient_elated_landscape size-ambient_elated_landscape wp-post-image\" alt=\"\" decoding=\"async\" \/>\t\t\t\t\t\t\t\t<\/div>\n\t\t\t\t\t<div class=\"eltdf-pli-text-holder\" >\n\t\t\t\t<div class=\"eltdf-pli-text-wrapper\">\n\t\t\t\t\t<div class=\"eltdf-pli-text\" >\n\t\t\t\t\t\t<div class=\"eltdf-pli-text-inner\">\n\t\t\t\t\t\t\t\t\t\t\t\t\t<h4 itemprop=\"name\" class=\"eltdf-pli-title entry-title\" >\n\t\t\t\t\t\t\t\tProjecte zona alta Barcelona\t\t\t\t\t\t\t<\/h4>\n\t\t\t\t\t\t\n\t\t\t\t\t\t\t\t\t\t\t\n\t\t\t\t\t\t\t\t\t\t\t<\/div>\n\t\t\t<\/div>\n\t\t\t\t<\/div>\n\t\t\t<\/div>\n\t\t\t\t<a itemprop=\"url\" class=\"eltdf-pli-link\" href=\"https:\/\/knowhaus.es\/ca\/portfolio-item\/001\/\" target=\"_self\"><\/a>\n\t<\/div>\n<\/article><article class=\"eltdf-pl-item  post-11990 portfolio-item type-portfolio-item status-publish has-post-thumbnail hentry portfolio-category-arquitectura-ca portfolio-category-singulares-ca portfolio-category-trabajando-ca portfolio_category_0 portfolio_category_377 portfolio_category_0 portfolio_category_379 portfolio_category_0 portfolio_category_380 portfolio_category_0\">\n\t<div class=\"eltdf-pl-item-inner\">\n\t\t<div class=\"eltdf-pli-image\">\n            \t\t\t\t\t\t\t<img width=\"800\" height=\"600\" src=\"https:\/\/knowhaus.es\/wp-content\/uploads\/2017\/06\/KNOWHAUS_exteriores_02-1-800x600.jpg\" class=\"attachment-ambient_elated_landscape size-ambient_elated_landscape wp-post-image\" alt=\"\" decoding=\"async\" \/>\t\t\t\t\t\t\t\t<\/div>\n\t\t\t\t\t<div class=\"eltdf-pli-text-holder\" >\n\t\t\t\t<div class=\"eltdf-pli-text-wrapper\">\n\t\t\t\t\t<div class=\"eltdf-pli-text\" >\n\t\t\t\t\t\t<div class=\"eltdf-pli-text-inner\">\n\t\t\t\t\t\t\t\t\t\t\t\t\t<h4 itemprop=\"name\" class=\"eltdf-pli-title entry-title\" >\n\t\t\t\t\t\t\t\tProjecte a Torrent\t\t\t\t\t\t\t<\/h4>\n\t\t\t\t\t\t\n\t\t\t\t\t\t\t\t\t\t\t\n\t\t\t\t\t\t\t\t\t\t\t<\/div>\n\t\t\t<\/div>\n\t\t\t\t<\/div>\n\t\t\t<\/div>\n\t\t\t\t<a itemprop=\"url\" class=\"eltdf-pli-link\" href=\"https:\/\/knowhaus.es\/ca\/portfolio-item\/002\/\" target=\"_self\"><\/a>\n\t<\/div>\n<\/article><article class=\"eltdf-pl-item  post-11975 portfolio-item type-portfolio-item status-publish has-post-thumbnail hentry portfolio-category-arquitectura-ca portfolio_category_0 portfolio_category_377 portfolio_category_0\">\n\t<div class=\"eltdf-pl-item-inner\">\n\t\t<div class=\"eltdf-pli-image\">\n            \t\t\t\t\t\t\t<img width=\"800\" height=\"600\" src=\"https:\/\/knowhaus.es\/wp-content\/uploads\/2017\/07\/render-santiago_cover-1-800x600.jpg\" class=\"attachment-ambient_elated_landscape size-ambient_elated_landscape wp-post-image\" alt=\"\" decoding=\"async\" \/>\t\t\t\t\t\t\t\t<\/div>\n\t\t\t\t\t<div class=\"eltdf-pli-text-holder\" >\n\t\t\t\t<div class=\"eltdf-pli-text-wrapper\">\n\t\t\t\t\t<div class=\"eltdf-pli-text\" >\n\t\t\t\t\t\t<div class=\"eltdf-pli-text-inner\">\n\t\t\t\t\t\t\t\t\t\t\t\t\t<h4 itemprop=\"name\" class=\"eltdf-pli-title entry-title\" >\n\t\t\t\t\t\t\t\tProjecte Santiago de Xile\t\t\t\t\t\t\t<\/h4>\n\t\t\t\t\t\t\n\t\t\t\t\t\t\t\t\t\t\t\n\t\t\t\t\t\t\t\t\t\t\t<\/div>\n\t\t\t<\/div>\n\t\t\t\t<\/div>\n\t\t\t<\/div>\n\t\t\t\t<a itemprop=\"url\" class=\"eltdf-pli-link\" href=\"https:\/\/knowhaus.es\/ca\/portfolio-item\/0021\/\" target=\"_self\"><\/a>\n\t<\/div>\n<\/article><article class=\"eltdf-pl-item  post-11992 portfolio-item type-portfolio-item status-publish has-post-thumbnail hentry portfolio-category-arquitectura-ca portfolio-category-singulares-ca portfolio-category-trabajando-ca portfolio_category_0 portfolio_category_377 portfolio_category_0 portfolio_category_379 portfolio_category_0 portfolio_category_380 portfolio_category_0\">\n\t<div class=\"eltdf-pl-item-inner\">\n\t\t<div class=\"eltdf-pli-image\">\n            \t\t\t\t\t\t\t<img width=\"800\" height=\"600\" src=\"https:\/\/knowhaus.es\/wp-content\/uploads\/2017\/06\/C-v04-800x600.jpg\" class=\"attachment-ambient_elated_landscape size-ambient_elated_landscape wp-post-image\" alt=\"\" decoding=\"async\" \/>\t\t\t\t\t\t\t\t<\/div>\n\t\t\t\t\t<div class=\"eltdf-pli-text-holder\" >\n\t\t\t\t<div class=\"eltdf-pli-text-wrapper\">\n\t\t\t\t\t<div class=\"eltdf-pli-text\" >\n\t\t\t\t\t\t<div class=\"eltdf-pli-text-inner\">\n\t\t\t\t\t\t\t\t\t\t\t\t\t<h4 itemprop=\"name\" class=\"eltdf-pli-title entry-title\" >\n\t\t\t\t\t\t\t\tProjecte a l&#8217;Avinguda Pearson\t\t\t\t\t\t\t<\/h4>\n\t\t\t\t\t\t\n\t\t\t\t\t\t\t\t\t\t\t\n\t\t\t\t\t\t\t\t\t\t\t<\/div>\n\t\t\t<\/div>\n\t\t\t\t<\/div>\n\t\t\t<\/div>\n\t\t\t\t<a itemprop=\"url\" class=\"eltdf-pli-link\" href=\"https:\/\/knowhaus.es\/ca\/portfolio-item\/004\/\" target=\"_self\"><\/a>\n\t<\/div>\n<\/article><article class=\"eltdf-pl-item  post-11995 portfolio-item type-portfolio-item status-publish has-post-thumbnail hentry portfolio-category-arquitectura-ca portfolio-category-singulares-ca portfolio_category_0 portfolio_category_377 portfolio_category_0 portfolio_category_379 portfolio_category_0\">\n\t<div class=\"eltdf-pl-item-inner\">\n\t\t<div class=\"eltdf-pli-image\">\n            \t\t\t\t\t\t\t<img width=\"800\" height=\"600\" src=\"https:\/\/knowhaus.es\/wp-content\/uploads\/2017\/06\/CASA-BLANCH-003-800x600.jpg\" class=\"attachment-ambient_elated_landscape size-ambient_elated_landscape wp-post-image\" alt=\"\" decoding=\"async\" \/>\t\t\t\t\t\t\t\t<\/div>\n\t\t\t\t\t<div class=\"eltdf-pli-text-holder\" >\n\t\t\t\t<div class=\"eltdf-pli-text-wrapper\">\n\t\t\t\t\t<div class=\"eltdf-pli-text\" >\n\t\t\t\t\t\t<div class=\"eltdf-pli-text-inner\">\n\t\t\t\t\t\t\t\t\t\t\t\t\t<h4 itemprop=\"name\" class=\"eltdf-pli-title entry-title\" >\n\t\t\t\t\t\t\t\tCasa a Sant Cugat\t\t\t\t\t\t\t<\/h4>\n\t\t\t\t\t\t\n\t\t\t\t\t\t\t\t\t\t\t\n\t\t\t\t\t\t\t\t\t\t\t<\/div>\n\t\t\t<\/div>\n\t\t\t\t<\/div>\n\t\t\t<\/div>\n\t\t\t\t<a itemprop=\"url\" class=\"eltdf-pli-link\" href=\"https:\/\/knowhaus.es\/ca\/portfolio-item\/005\/\" target=\"_self\"><\/a>\n\t<\/div>\n<\/article><article class=\"eltdf-pl-item  post-12010 portfolio-item type-portfolio-item status-publish has-post-thumbnail hentry portfolio-category-arquitectura-ca portfolio-category-singulares-ca portfolio_category_0 portfolio_category_377 portfolio_category_0 portfolio_category_379 portfolio_category_0\">\n\t<div class=\"eltdf-pl-item-inner\">\n\t\t<div class=\"eltdf-pli-image\">\n            \t\t\t\t\t\t\t<img width=\"800\" height=\"600\" src=\"https:\/\/knowhaus.es\/wp-content\/uploads\/2017\/06\/9424-1-800x600.jpg\" class=\"attachment-ambient_elated_landscape size-ambient_elated_landscape wp-post-image\" alt=\"\" decoding=\"async\" \/>\t\t\t\t\t\t\t\t<\/div>\n\t\t\t\t\t<div class=\"eltdf-pli-text-holder\" >\n\t\t\t\t<div class=\"eltdf-pli-text-wrapper\">\n\t\t\t\t\t<div class=\"eltdf-pli-text\" >\n\t\t\t\t\t\t<div class=\"eltdf-pli-text-inner\">\n\t\t\t\t\t\t\t\t\t\t\t\t\t<h4 itemprop=\"name\" class=\"eltdf-pli-title entry-title\" >\n\t\t\t\t\t\t\t\tCasa a Formentera\t\t\t\t\t\t\t<\/h4>\n\t\t\t\t\t\t\n\t\t\t\t\t\t\t\t\t\t\t\n\t\t\t\t\t\t\t\t\t\t\t<\/div>\n\t\t\t<\/div>\n\t\t\t\t<\/div>\n\t\t\t<\/div>\n\t\t\t\t<a itemprop=\"url\" class=\"eltdf-pli-link\" href=\"https:\/\/knowhaus.es\/ca\/portfolio-item\/006\/\" target=\"_self\"><\/a>\n\t<\/div>\n<\/article><article class=\"eltdf-pl-item  post-11998 portfolio-item type-portfolio-item status-publish has-post-thumbnail hentry portfolio-category-arquitectura-ca portfolio-category-singulares-ca portfolio_category_0 portfolio_category_377 portfolio_category_0 portfolio_category_379 portfolio_category_0\">\n\t<div class=\"eltdf-pl-item-inner\">\n\t\t<div class=\"eltdf-pli-image\">\n            \t\t\t\t\t\t\t<img width=\"800\" height=\"600\" src=\"https:\/\/knowhaus.es\/wp-content\/uploads\/2017\/06\/Casa-Espiraltes-276-940x626-800x600.jpeg\" class=\"attachment-ambient_elated_landscape size-ambient_elated_landscape wp-post-image\" alt=\"\" decoding=\"async\" \/>\t\t\t\t\t\t\t\t<\/div>\n\t\t\t\t\t<div class=\"eltdf-pli-text-holder\" >\n\t\t\t\t<div class=\"eltdf-pli-text-wrapper\">\n\t\t\t\t\t<div class=\"eltdf-pli-text\" >\n\t\t\t\t\t\t<div class=\"eltdf-pli-text-inner\">\n\t\t\t\t\t\t\t\t\t\t\t\t\t<h4 itemprop=\"name\" class=\"eltdf-pli-title entry-title\" >\n\t\t\t\t\t\t\t\tCasa a La Cerdanya\t\t\t\t\t\t\t<\/h4>\n\t\t\t\t\t\t\n\t\t\t\t\t\t\t\t\t\t\t\n\t\t\t\t\t\t\t\t\t\t\t<\/div>\n\t\t\t<\/div>\n\t\t\t\t<\/div>\n\t\t\t<\/div>\n\t\t\t\t<a itemprop=\"url\" class=\"eltdf-pli-link\" href=\"https:\/\/knowhaus.es\/ca\/portfolio-item\/007\/\" target=\"_self\"><\/a>\n\t<\/div>\n<\/article><\/div><\/div>[\/vc_column][\/vc_row][vc_row css=&#8221;.vc_custom_1500540371696{padding-top: 82px !important;padding-bottom: 94px !important;background-color: #e8e5e5 !important;background-position: center !important;background-repeat: no-repeat !important;background-size: cover !important;}&#8221;][vc_column][vc_row_inner row_content_width=&#8221;grid&#8221;][vc_column_inner width=&#8221;1\/3&#8243;][vc_single_image image=&#8221;7923&#8243; img_size=&#8221;medium&#8221; css_animation=&#8221;fadeInLeft&#8221;][\/vc_column_inner][vc_column_inner width=&#8221;2\/3&#8243; offset=&#8221;vc_col-lg-6 vc_col-md-6&#8243;][vc_column_text css_animation=&#8221;fadeInRight&#8221;]\u201cL&#8217;\u00e8xit de tot projecte es basa en la <strong>qualitat de l&#8217;equip, del producte i la capacitat de gesti\u00f3<\/strong>. Sense una gesti\u00f3 ordenada, professional, efectiva i executiva qualsevol projecte est\u00e0 condemnat al frac\u00e0s i el que havia de ser una il\u00b7lusi\u00f3, un somni, es converteix en el teu pitjor malson.\u201d[\/vc_column_text][vc_empty_space]<div class=\"eltdf-iwt clearfix eltdf-iwt-icon-left eltdf-iwt-icon-tiny\">\n    <div class=\"eltdf-iwt-icon\">\n                    <a itemprop=\"url\" href=\"\/ca\/dani-blanch\" target=\"_self\">\n                                        <span class=\"eltdf-icon-animation-holder\" style=\"transition-delay: 1000ms;-webkit-transition-delay: 1000ms;-moz-transition-delay: 1000ms;-ms-transition-delay: 1000ms\">\n    <span class=\"eltdf-icon-shortcode eltdf-normal eltdf-icon-animation eltdf-icon-tiny\"  data-animation-delay=\"1000\" data-hover-color=\"#dd9933\" data-color=\"#0a0a0a\">\n                    <span aria-hidden=\"true\" class=\"eltdf-icon-font-elegant arrow_right eltdf-icon-element\" style=\"color: #0a0a0a\" ><\/span>            <\/span>\n    <\/span>\n                                <\/a>\n            <\/div>\n    <div class=\"eltdf-iwt-content\" style=\"padding-left: 5px\">\n\t    \t        <h4 class=\"eltdf-iwt-title\" >\n\t\t\t    \t\t\t\t    <a itemprop=\"url\" href=\"\/ca\/dani-blanch\" target=\"_self\">\n\t\t\t    \t               Dani Blanch\t\t\t    \t\t\t\t    <\/a>\n                            <\/h4>\n\t    \t\t            <p class=\"eltdf-iwt-text\" >HOME PROJECT MANAGER<\/p>\n\t\t    <\/div>\n<\/div>[vc_single_image image=&#8221;12159&#8243; img_size=&#8221;medium&#8221; css_animation=&#8221;fadeIn&#8221;][\/vc_column_inner][\/vc_row_inner][\/vc_column][\/vc_row]<\/p>\n","protected":false},"excerpt":{"rendered":"<p>[vc_row row_type=&#8221;parallax&#8221; full_screen_section_height=&#8221;no&#8221; css=&#8221;.vc_custom_1500479407291{padding-top: 82px !important;padding-bottom: 94px !important;background-color: #f7f5f5 !important;background-position: center !important;background-repeat: no-repeat !important;background-size: cover !important;}&#8221; el_id=&#8221;todo&#8221; parallax_background_image=&#8221;11520&#8243;][vc_column][vc_row_inner row_content_width=&#8221;grid&#8221;][vc_column_inner width=&#8221;1\/2&#8243;][vc_column_text css_animation=&#8221;bounceInLeft&#8221;] Projectes d&#8217;arquitectura [\/vc_column_text][\/vc_column_inner][vc_column_inner width=&#8221;1\/2&#8243; offset=&#8221;vc_col-lg-6 vc_col-md-6&#8243;][vc_column_text css_animation=&#8221;bounceInLeft&#8221;] DISSENY, EXPERI\u00c8NCIA I QUALITAT. [\/vc_column_text][vc_column_text css_animation=&#8221;fadeInRight&#8221;]Si ja disposes d&#8217;un solar o habitatge, en Knowhaus realitzem el projecte [&hellip;]<\/p>\n","protected":false},"author":2,"featured_media":0,"parent":0,"menu_order":0,"comment_status":"closed","ping_status":"closed","template":"full-width.php","meta":{"footnotes":""},"yoast_head":"<!-- This site is optimized with the Yoast SEO plugin v22.4 - https:\/\/yoast.com\/wordpress\/plugins\/seo\/ -->\n<title>Arquitectura &#8211; KNOWHAUS<\/title>\n<meta name=\"description\" content=\"Somos un equipo especializado en arquitectura, rehabilitaci\u00f3n e interiorismo. Planificamos tu proyecto de forma ejecutiva, clara y un cumpliento del plazo de ejecuci\u00f3n.\" \/>\n<meta name=\"robots\" content=\"index, follow, max-snippet:-1, max-image-preview:large, max-video-preview:-1\" \/>\n<link rel=\"canonical\" href=\"https:\/\/knowhaus.es\/ca\/arquitectura\/\" \/>\n<meta property=\"og:locale\" content=\"ca_ES\" \/>\n<meta property=\"og:type\" content=\"article\" \/>\n<meta property=\"og:title\" content=\"Arquitectura &#8211; KNOWHAUS\" \/>\n<meta property=\"og:description\" content=\"Somos un equipo especializado en arquitectura, rehabilitaci\u00f3n e interiorismo. Planificamos tu proyecto de forma ejecutiva, clara y un cumpliento del plazo de ejecuci\u00f3n.\" \/>\n<meta property=\"og:url\" content=\"https:\/\/knowhaus.es\/ca\/arquitectura\/\" \/>\n<meta property=\"og:site_name\" content=\"KNOWHAUS\" \/>\n<meta property=\"article:publisher\" content=\"https:\/\/www.facebook.com\/knowhaus\/\" \/>\n<meta property=\"article:modified_time\" content=\"2017-12-19T10:24:34+00:00\" \/>\n<meta name=\"twitter:card\" content=\"summary_large_image\" \/>\n<meta name=\"twitter:label1\" content=\"Temps estimat de lectura\" \/>\n\t<meta name=\"twitter:data1\" content=\"2 minuts\" \/>\n<script type=\"application\/ld+json\" class=\"yoast-schema-graph\">{\"@context\":\"https:\/\/schema.org\",\"@graph\":[{\"@type\":\"WebPage\",\"@id\":\"https:\/\/knowhaus.es\/ca\/arquitectura\/\",\"url\":\"https:\/\/knowhaus.es\/ca\/arquitectura\/\",\"name\":\"Arquitectura &#8211; KNOWHAUS\",\"isPartOf\":{\"@id\":\"https:\/\/knowhaus.es\/#website\"},\"datePublished\":\"2017-07-11T09:07:45+00:00\",\"dateModified\":\"2017-12-19T10:24:34+00:00\",\"description\":\"Somos un equipo especializado en arquitectura, rehabilitaci\u00f3n e interiorismo. Planificamos tu proyecto de forma ejecutiva, clara y un cumpliento del plazo de ejecuci\u00f3n.\",\"breadcrumb\":{\"@id\":\"https:\/\/knowhaus.es\/ca\/arquitectura\/#breadcrumb\"},\"inLanguage\":\"ca\",\"potentialAction\":[{\"@type\":\"ReadAction\",\"target\":[\"https:\/\/knowhaus.es\/ca\/arquitectura\/\"]}]},{\"@type\":\"BreadcrumbList\",\"@id\":\"https:\/\/knowhaus.es\/ca\/arquitectura\/#breadcrumb\",\"itemListElement\":[{\"@type\":\"ListItem\",\"position\":1,\"name\":\"Portada\",\"item\":\"https:\/\/knowhaus.es\/ca\/\"},{\"@type\":\"ListItem\",\"position\":2,\"name\":\"Arquitectura\"}]},{\"@type\":\"WebSite\",\"@id\":\"https:\/\/knowhaus.es\/#website\",\"url\":\"https:\/\/knowhaus.es\/\",\"name\":\"KNOWHAUS\",\"description\":\"ARCHITECTURE &amp; INTERIOR STUDIO BARCELONA\",\"publisher\":{\"@id\":\"https:\/\/knowhaus.es\/#organization\"},\"potentialAction\":[{\"@type\":\"SearchAction\",\"target\":{\"@type\":\"EntryPoint\",\"urlTemplate\":\"https:\/\/knowhaus.es\/?s={search_term_string}\"},\"query-input\":\"required name=search_term_string\"}],\"inLanguage\":\"ca\"},{\"@type\":\"Organization\",\"@id\":\"https:\/\/knowhaus.es\/#organization\",\"name\":\"KNOWHAUS - DISE\u00d1O, EXPERIENCIA Y CALIDAD\",\"url\":\"https:\/\/knowhaus.es\/\",\"logo\":{\"@type\":\"ImageObject\",\"inLanguage\":\"ca\",\"@id\":\"https:\/\/knowhaus.es\/#\/schema\/logo\/image\/\",\"url\":\"https:\/\/knowhaus.es\/wp-content\/uploads\/2017\/07\/logo_ok.png\",\"contentUrl\":\"https:\/\/knowhaus.es\/wp-content\/uploads\/2017\/07\/logo_ok.png\",\"width\":435,\"height\":128,\"caption\":\"KNOWHAUS - DISE\u00d1O, EXPERIENCIA Y CALIDAD\"},\"image\":{\"@id\":\"https:\/\/knowhaus.es\/#\/schema\/logo\/image\/\"},\"sameAs\":[\"https:\/\/www.facebook.com\/knowhaus\/\",\"https:\/\/www.instagram.com\/knowhaus\/\",\"https:\/\/www.pinterest.es\/Knowhaus\/\",\"https:\/\/www.youtube.com\/channel\/UCcV85kRslSS--Q41INqRvzQ\"]}]}<\/script>\n<!-- \/ Yoast SEO plugin. -->","yoast_head_json":{"title":"Arquitectura &#8211; KNOWHAUS","description":"Somos un equipo especializado en arquitectura, rehabilitaci\u00f3n e interiorismo. Planificamos tu proyecto de forma ejecutiva, clara y un cumpliento del plazo de ejecuci\u00f3n.","robots":{"index":"index","follow":"follow","max-snippet":"max-snippet:-1","max-image-preview":"max-image-preview:large","max-video-preview":"max-video-preview:-1"},"canonical":"https:\/\/knowhaus.es\/ca\/arquitectura\/","og_locale":"ca_ES","og_type":"article","og_title":"Arquitectura &#8211; KNOWHAUS","og_description":"Somos un equipo especializado en arquitectura, rehabilitaci\u00f3n e interiorismo. Planificamos tu proyecto de forma ejecutiva, clara y un cumpliento del plazo de ejecuci\u00f3n.","og_url":"https:\/\/knowhaus.es\/ca\/arquitectura\/","og_site_name":"KNOWHAUS","article_publisher":"https:\/\/www.facebook.com\/knowhaus\/","article_modified_time":"2017-12-19T10:24:34+00:00","twitter_card":"summary_large_image","twitter_misc":{"Temps estimat de lectura":"2 minuts"},"schema":{"@context":"https:\/\/schema.org","@graph":[{"@type":"WebPage","@id":"https:\/\/knowhaus.es\/ca\/arquitectura\/","url":"https:\/\/knowhaus.es\/ca\/arquitectura\/","name":"Arquitectura &#8211; KNOWHAUS","isPartOf":{"@id":"https:\/\/knowhaus.es\/#website"},"datePublished":"2017-07-11T09:07:45+00:00","dateModified":"2017-12-19T10:24:34+00:00","description":"Somos un equipo especializado en arquitectura, rehabilitaci\u00f3n e interiorismo. Planificamos tu proyecto de forma ejecutiva, clara y un cumpliento del plazo de ejecuci\u00f3n.","breadcrumb":{"@id":"https:\/\/knowhaus.es\/ca\/arquitectura\/#breadcrumb"},"inLanguage":"ca","potentialAction":[{"@type":"ReadAction","target":["https:\/\/knowhaus.es\/ca\/arquitectura\/"]}]},{"@type":"BreadcrumbList","@id":"https:\/\/knowhaus.es\/ca\/arquitectura\/#breadcrumb","itemListElement":[{"@type":"ListItem","position":1,"name":"Portada","item":"https:\/\/knowhaus.es\/ca\/"},{"@type":"ListItem","position":2,"name":"Arquitectura"}]},{"@type":"WebSite","@id":"https:\/\/knowhaus.es\/#website","url":"https:\/\/knowhaus.es\/","name":"KNOWHAUS","description":"ARCHITECTURE &amp; INTERIOR STUDIO BARCELONA","publisher":{"@id":"https:\/\/knowhaus.es\/#organization"},"potentialAction":[{"@type":"SearchAction","target":{"@type":"EntryPoint","urlTemplate":"https:\/\/knowhaus.es\/?s={search_term_string}"},"query-input":"required name=search_term_string"}],"inLanguage":"ca"},{"@type":"Organization","@id":"https:\/\/knowhaus.es\/#organization","name":"KNOWHAUS - DISE\u00d1O, EXPERIENCIA Y CALIDAD","url":"https:\/\/knowhaus.es\/","logo":{"@type":"ImageObject","inLanguage":"ca","@id":"https:\/\/knowhaus.es\/#\/schema\/logo\/image\/","url":"https:\/\/knowhaus.es\/wp-content\/uploads\/2017\/07\/logo_ok.png","contentUrl":"https:\/\/knowhaus.es\/wp-content\/uploads\/2017\/07\/logo_ok.png","width":435,"height":128,"caption":"KNOWHAUS - DISE\u00d1O, EXPERIENCIA Y CALIDAD"},"image":{"@id":"https:\/\/knowhaus.es\/#\/schema\/logo\/image\/"},"sameAs":["https:\/\/www.facebook.com\/knowhaus\/","https:\/\/www.instagram.com\/knowhaus\/","https:\/\/www.pinterest.es\/Knowhaus\/","https:\/\/www.youtube.com\/channel\/UCcV85kRslSS--Q41INqRvzQ"]}]}},"_links":{"self":[{"href":"https:\/\/knowhaus.es\/ca\/wp-json\/wp\/v2\/pages\/11904"}],"collection":[{"href":"https:\/\/knowhaus.es\/ca\/wp-json\/wp\/v2\/pages"}],"about":[{"href":"https:\/\/knowhaus.es\/ca\/wp-json\/wp\/v2\/types\/page"}],"author":[{"embeddable":true,"href":"https:\/\/knowhaus.es\/ca\/wp-json\/wp\/v2\/users\/2"}],"replies":[{"embeddable":true,"href":"https:\/\/knowhaus.es\/ca\/wp-json\/wp\/v2\/comments?post=11904"}],"version-history":[{"count":5,"href":"https:\/\/knowhaus.es\/ca\/wp-json\/wp\/v2\/pages\/11904\/revisions"}],"predecessor-version":[{"id":12192,"href":"https:\/\/knowhaus.es\/ca\/wp-json\/wp\/v2\/pages\/11904\/revisions\/12192"}],"wp:attachment":[{"href":"https:\/\/knowhaus.es\/ca\/wp-json\/wp\/v2\/media?parent=11904"}],"curies":[{"name":"wp","href":"https:\/\/api.w.org\/{rel}","templated":true}]}}